{"id":3641,"date":"2023-07-11T10:27:30","date_gmt":"2023-07-11T08:27:30","guid":{"rendered":"https:\/\/kybele.ingenieriadeservicios.es\/?page_id=3641"},"modified":"2023-07-11T10:28:15","modified_gmt":"2023-07-11T08:28:15","slug":"tesis-jose-maria-cavero-barca","status":"publish","type":"page","link":"https:\/\/kybele.ingenieriadeservicios.es\/index.php\/tesis-jose-maria-cavero-barca\/","title":{"rendered":"Tesis Jos\u00e9 Mar\u00eda Cavero Barca"},"content":{"rendered":"\t\t<div data-elementor-type=\"wp-page\" data-elementor-id=\"3641\" class=\"elementor elementor-3641\">\n\t\t\t\t\t\t\t<div class=\"elementor-element elementor-element-df1187e e-con-boxed e-flex e-con\" data-id=\"df1187e\" data-element_type=\"container\" data-settings=\"{&quot;content_width&quot;:&quot;boxed&quot;}\">\n\t\t\t\t\t<div class=\"e-con-inner\">\n\t\t<div class=\"elementor-element elementor-element-a26470e e-con-full e-flex e-con\" data-id=\"a26470e\" data-element_type=\"container\" data-settings=\"{&quot;content_width&quot;:&quot;full&quot;}\">\n\t\t\t\t<div class=\"elementor-element elementor-element-5385b6b elementor-widget elementor-widget-image\" data-id=\"5385b6b\" data-element_type=\"widget\" data-widget_type=\"image.default\">\n\t\t\t\t<div class=\"elementor-widget-container\">\n\t\t\t<style>\/*! elementor - v3.13.3 - 28-05-2023 *\/\n.elementor-widget-image{text-align:center}.elementor-widget-image a{display:inline-block}.elementor-widget-image a img[src$=\".svg\"]{width:48px}.elementor-widget-image img{vertical-align:middle;display:inline-block}<\/style>\t\t\t\t\t\t\t\t\t\t\t\t<img decoding=\"async\" width=\"300\" height=\"300\" src=\"https:\/\/kybele.ingenieriadeservicios.es\/wp-content\/uploads\/2023\/07\/Jose_Maria_Cavero_Barca-removebg-preview-300x300.png\" class=\"attachment-medium size-medium wp-image-3646\" alt=\"\" loading=\"lazy\" srcset=\"https:\/\/kybele.ingenieriadeservicios.es\/wp-content\/uploads\/2023\/07\/Jose_Maria_Cavero_Barca-removebg-preview-300x300.png 300w, https:\/\/kybele.ingenieriadeservicios.es\/wp-content\/uploads\/2023\/07\/Jose_Maria_Cavero_Barca-removebg-preview-150x150.png 150w, https:\/\/kybele.ingenieriadeservicios.es\/wp-content\/uploads\/2023\/07\/Jose_Maria_Cavero_Barca-removebg-preview.png 480w\" sizes=\"(max-width: 300px) 100vw, 300px\" \/>\t\t\t\t\t\t\t\t\t\t\t\t\t\t\t<\/div>\n\t\t\t\t<\/div>\n\t\t\t\t<\/div>\n\t\t<div class=\"elementor-element elementor-element-e792593 e-con-full e-flex e-con\" data-id=\"e792593\" data-element_type=\"container\" data-settings=\"{&quot;content_width&quot;:&quot;full&quot;}\">\n\t\t\t\t<div class=\"elementor-element elementor-element-0d94e57 elementor-widget elementor-widget-heading\" data-id=\"0d94e57\" data-element_type=\"widget\" data-widget_type=\"heading.default\">\n\t\t\t\t<div class=\"elementor-widget-container\">\n\t\t\t<style>\/*! elementor - v3.13.3 - 28-05-2023 *\/\n.elementor-heading-title{padding:0;margin:0;line-height:1}.elementor-widget-heading .elementor-heading-title[class*=elementor-size-]>a{color:inherit;font-size:inherit;line-height:inherit}.elementor-widget-heading .elementor-heading-title.elementor-size-small{font-size:15px}.elementor-widget-heading .elementor-heading-title.elementor-size-medium{font-size:19px}.elementor-widget-heading .elementor-heading-title.elementor-size-large{font-size:29px}.elementor-widget-heading .elementor-heading-title.elementor-size-xl{font-size:39px}.elementor-widget-heading .elementor-heading-title.elementor-size-xxl{font-size:59px}<\/style><h2 class=\"elementor-heading-title elementor-size-default\"><Strong>PhD Thesis<\/strong>: Jos\u00e9 Mar\u00eda Cavero Barca<\/h2>\t\t<\/div>\n\t\t\t\t<\/div>\n\t\t\t\t<\/div>\n\t\t\t\t\t<\/div>\n\t\t\t\t<\/div>\n\t\t<div class=\"elementor-element elementor-element-5e9681f e-con-boxed e-flex e-con\" data-id=\"5e9681f\" data-element_type=\"container\" data-settings=\"{&quot;content_width&quot;:&quot;boxed&quot;}\">\n\t\t\t\t\t<div class=\"e-con-inner\">\n\t\t\t\t<div class=\"elementor-element elementor-element-3ba03c7 elementor-widget elementor-widget-text-editor\" data-id=\"3ba03c7\" data-element_type=\"widget\" data-widget_type=\"text-editor.default\">\n\t\t\t\t<div class=\"elementor-widget-container\">\n\t\t\t<style>\/*! elementor - v3.13.3 - 28-05-2023 *\/\n.elementor-widget-text-editor.elementor-drop-cap-view-stacked .elementor-drop-cap{background-color:#69727d;color:#fff}.elementor-widget-text-editor.elementor-drop-cap-view-framed .elementor-drop-cap{color:#69727d;border:3px solid;background-color:transparent}.elementor-widget-text-editor:not(.elementor-drop-cap-view-default) .elementor-drop-cap{margin-top:8px}.elementor-widget-text-editor:not(.elementor-drop-cap-view-default) .elementor-drop-cap-letter{width:1em;height:1em}.elementor-widget-text-editor .elementor-drop-cap{float:left;text-align:center;line-height:1;font-size:50px}.elementor-widget-text-editor .elementor-drop-cap-letter{display:inline-block}<\/style>\t\t\t\t<h2>MIDEA; UNA METODOLOGIA PARA EL DESARROLLO DE ALMACENES DE DATOS<\/h2><div id=\"gt-res-content\"><div id=\"gt-res-dir-ctr\" class=\"trans-verified-button-small\" dir=\"ltr\"><p>Los almacenes de datos (datawarehouses) surgen ante la necesidad por<br \/>parte de las empresas de disponer en un entorno integrado de toda la informaci\u00f3n<br \/>generada por la empresa para, de esta forma, conseguir una ventaja con<br \/>respecto a sus competidores, lo cual permite entender el crecimiento de<br \/>las ventas de este tipo de productos en los \u00faltimos a\u00f1os. La comunidad<br \/>cient\u00edfica, sin embargo, al rev\u00e9s de los que ocurri\u00f3 con otras tecnolog\u00edas<br \/>de bases de datos, como el caso del modelo relacional, no se ha ocupado<br \/>del tema hasta hace poco; de hecho, la investigaci\u00f3n en modelos y metodolog\u00edas<br \/>no comienza hasta despu\u00e9s de la aparici\u00f3n de los productos.<\/p><p>Las peculiaridades de este tipo de sistemas hacen que modelos y metodolog\u00edas<br \/>tradicionales no resulten adecuados para el dise\u00f1o de almacenes de datos.<br \/>El objetivo de esta tesis consiste en definir una metodolog\u00eda de desarrollo<br \/>de almacenes de datos, que se adec\u00fae a la estructura de la metodolog\u00eda<br \/>M\u00e9trica 3 y que utilice el paradigma multidimensional en todas las fases<br \/>del ciclo de vida de un almac\u00e9n de datos: conceptual, l\u00f3gico y f\u00edsico.<\/p><p>La validaci\u00f3n de la presente tesis doctoral se ha llevado a cabo en<br \/>proyectos reales en colaboraci\u00f3n con una consultora inform\u00e1tica, siguiendo<br \/>el denominado m\u00e9todo de investigaci\u00f3n en Acci\u00f3n.<\/p><p>Adem\u00e1s, se ha construido una herramienta CASE que ofrece el soporte<br \/>autom\u00e1tico de la metodolog\u00eda desarrollada y que permite generar esquemas<br \/>tanto en SGBD multidimensionales como en SBDG relacionales<\/p><\/div><\/div><p>\u00a0<\/p><div class=\"horizotal_break clearfix\">\u00a0<\/div><div class=\"page-container clearfix\">\u00a0<\/div><p><b>Defense Data<\/b><\/p><div class=\"custom_list edit-icon\"><p>\u00a0<\/p><ul><li><b>Author:<\/b>\u00a0Jos\u00e9 Mar\u00eda Cavero Barca<\/li><li><b>Thesis Supervisor:<\/b>\u00a0Esperanza Marcos Mart\u00ednez<\/li><li><b>Thesis Committee:\u00a0<\/b>Carmen Costilla, Almudena Sierra, J.Antonio Calvo-Manzano, Manuel Prieto, Ricardo Aler<\/li><li><b>Thesis defense date:<\/b>\u00a027\/07\/2001<\/li><li><b>Department:<\/b>\u00a0Departamento de Ciencias Experimentales e Ingenier\u00eda<\/li><li><b>School\/Faculty:<\/b>\u00a0Escuela Superior de Ciencias Experimentales y Tecnolog\u00eda<\/li><li><b>University:<\/b>\u00a0University Rey Juan Carlos<\/li><\/ul><p>\u00a0<\/p><\/div><p>\u00a0<\/p><p>\u00a0<\/p><div class=\"horizotal_break clearfix\">\u00a0<\/div>\t\t\t\t\t\t<\/div>\n\t\t\t\t<\/div>\n\t\t\t\t\t<\/div>\n\t\t\t\t<\/div>\n\t\t\t\t\t\t\t<\/div>\n\t\t","protected":false},"excerpt":{"rendered":"<p>PhD Thesis: Jos\u00e9 Mar\u00eda Cavero Barca MIDEA; UNA METODOLOGIA PARA EL DESARROLLO DE ALMACENES DE DATOS Los almacenes de datos (datawarehouses) surgen ante la necesidad porparte de las empresas de disponer en un entorno integrado de toda la informaci\u00f3ngenerada por la empresa para, de esta forma, conseguir una ventaja conrespecto a sus competidores, lo cual &hellip;<\/p>\n<p class=\"read-more\"> <a class=\"\" href=\"https:\/\/kybele.ingenieriadeservicios.es\/index.php\/tesis-jose-maria-cavero-barca\/\"> <span class=\"screen-reader-text\">Tesis Jos\u00e9 Mar\u00eda Cavero Barca<\/span> Leer m\u00e1s &raquo;<\/a><\/p>\n","protected":false},"author":1,"featured_media":0,"parent":0,"menu_order":0,"comment_status":"closed","ping_status":"closed","template":"","meta":{"_eb_attr":"","site-sidebar-layout":"no-sidebar","site-content-layout":"page-builder","ast-global-header-display":"","ast-main-header-display":"","ast-hfb-above-header-display":"","ast-hfb-below-header-display":"","ast-hfb-mobile-header-display":"","site-post-title":"disabled","ast-breadcrumbs-content":"","ast-featured-img":"disabled","footer-sml-layout":"","theme-transparent-header-meta":"","adv-header-id-meta":"","stick-header-meta":"","header-above-stick-meta":"","header-main-stick-meta":"","header-below-stick-meta":""},"_links":{"self":[{"href":"https:\/\/kybele.ingenieriadeservicios.es\/index.php\/wp-json\/wp\/v2\/pages\/3641"}],"collection":[{"href":"https:\/\/kybele.ingenieriadeservicios.es\/index.php\/wp-json\/wp\/v2\/pages"}],"about":[{"href":"https:\/\/kybele.ingenieriadeservicios.es\/index.php\/wp-json\/wp\/v2\/types\/page"}],"author":[{"embeddable":true,"href":"https:\/\/kybele.ingenieriadeservicios.es\/index.php\/wp-json\/wp\/v2\/users\/1"}],"replies":[{"embeddable":true,"href":"https:\/\/kybele.ingenieriadeservicios.es\/index.php\/wp-json\/wp\/v2\/comments?post=3641"}],"version-history":[{"count":10,"href":"https:\/\/kybele.ingenieriadeservicios.es\/index.php\/wp-json\/wp\/v2\/pages\/3641\/revisions"}],"predecessor-version":[{"id":3652,"href":"https:\/\/kybele.ingenieriadeservicios.es\/index.php\/wp-json\/wp\/v2\/pages\/3641\/revisions\/3652"}],"wp:attachment":[{"href":"https:\/\/kybele.ingenieriadeservicios.es\/index.php\/wp-json\/wp\/v2\/media?parent=3641"}],"curies":[{"name":"wp","href":"https:\/\/api.w.org\/{rel}","templated":true}]}}