{"id":3631,"date":"2023-07-11T10:15:42","date_gmt":"2023-07-11T08:15:42","guid":{"rendered":"https:\/\/kybele.ingenieriadeservicios.es\/?page_id=3631"},"modified":"2023-07-11T10:19:00","modified_gmt":"2023-07-11T08:19:00","slug":"tesis-belen-vela-sanchez","status":"publish","type":"page","link":"https:\/\/kybele.ingenieriadeservicios.es\/index.php\/tesis-belen-vela-sanchez\/","title":{"rendered":"Tesis Bel\u00e9n Vela S\u00e1nchez"},"content":{"rendered":"\t\t<div data-elementor-type=\"wp-page\" data-elementor-id=\"3631\" class=\"elementor elementor-3631\">\n\t\t\t\t\t\t\t<div class=\"elementor-element elementor-element-df1187e e-con-boxed e-flex e-con\" data-id=\"df1187e\" data-element_type=\"container\" data-settings=\"{&quot;content_width&quot;:&quot;boxed&quot;}\">\n\t\t\t\t\t<div class=\"e-con-inner\">\n\t\t<div class=\"elementor-element elementor-element-a26470e e-con-full e-flex e-con\" data-id=\"a26470e\" data-element_type=\"container\" data-settings=\"{&quot;content_width&quot;:&quot;full&quot;}\">\n\t\t\t\t<div class=\"elementor-element elementor-element-5385b6b elementor-widget elementor-widget-image\" data-id=\"5385b6b\" data-element_type=\"widget\" data-widget_type=\"image.default\">\n\t\t\t\t<div class=\"elementor-widget-container\">\n\t\t\t<style>\/*! elementor - v3.13.3 - 28-05-2023 *\/\n.elementor-widget-image{text-align:center}.elementor-widget-image a{display:inline-block}.elementor-widget-image a img[src$=\".svg\"]{width:48px}.elementor-widget-image img{vertical-align:middle;display:inline-block}<\/style>\t\t\t\t\t\t\t\t\t\t\t\t<img decoding=\"async\" width=\"300\" height=\"300\" src=\"https:\/\/kybele.ingenieriadeservicios.es\/wp-content\/uploads\/2023\/07\/Belen_Vela_Sanchez-removebg-preview-300x300.png\" class=\"attachment-medium size-medium wp-image-3637\" alt=\"\" loading=\"lazy\" srcset=\"https:\/\/kybele.ingenieriadeservicios.es\/wp-content\/uploads\/2023\/07\/Belen_Vela_Sanchez-removebg-preview-300x300.png 300w, https:\/\/kybele.ingenieriadeservicios.es\/wp-content\/uploads\/2023\/07\/Belen_Vela_Sanchez-removebg-preview-150x150.png 150w, https:\/\/kybele.ingenieriadeservicios.es\/wp-content\/uploads\/2023\/07\/Belen_Vela_Sanchez-removebg-preview.png 480w\" sizes=\"(max-width: 300px) 100vw, 300px\" \/>\t\t\t\t\t\t\t\t\t\t\t\t\t\t\t<\/div>\n\t\t\t\t<\/div>\n\t\t\t\t<\/div>\n\t\t<div class=\"elementor-element elementor-element-e792593 e-con-full e-flex e-con\" data-id=\"e792593\" data-element_type=\"container\" data-settings=\"{&quot;content_width&quot;:&quot;full&quot;}\">\n\t\t\t\t<div class=\"elementor-element elementor-element-0d94e57 elementor-widget elementor-widget-heading\" data-id=\"0d94e57\" data-element_type=\"widget\" data-widget_type=\"heading.default\">\n\t\t\t\t<div class=\"elementor-widget-container\">\n\t\t\t<style>\/*! elementor - v3.13.3 - 28-05-2023 *\/\n.elementor-heading-title{padding:0;margin:0;line-height:1}.elementor-widget-heading .elementor-heading-title[class*=elementor-size-]>a{color:inherit;font-size:inherit;line-height:inherit}.elementor-widget-heading .elementor-heading-title.elementor-size-small{font-size:15px}.elementor-widget-heading .elementor-heading-title.elementor-size-medium{font-size:19px}.elementor-widget-heading .elementor-heading-title.elementor-size-large{font-size:29px}.elementor-widget-heading .elementor-heading-title.elementor-size-xl{font-size:39px}.elementor-widget-heading .elementor-heading-title.elementor-size-xxl{font-size:59px}<\/style><h2 class=\"elementor-heading-title elementor-size-default\"><Strong>PhD Thesis<\/strong>: Bel\u00e9n Vela S\u00e1nchez <\/h2>\t\t<\/div>\n\t\t\t\t<\/div>\n\t\t\t\t<\/div>\n\t\t\t\t\t<\/div>\n\t\t\t\t<\/div>\n\t\t<div class=\"elementor-element elementor-element-5e9681f e-con-boxed e-flex e-con\" data-id=\"5e9681f\" data-element_type=\"container\" data-settings=\"{&quot;content_width&quot;:&quot;boxed&quot;}\">\n\t\t\t\t\t<div class=\"e-con-inner\">\n\t\t\t\t<div class=\"elementor-element elementor-element-3ba03c7 elementor-widget elementor-widget-text-editor\" data-id=\"3ba03c7\" data-element_type=\"widget\" data-widget_type=\"text-editor.default\">\n\t\t\t\t<div class=\"elementor-widget-container\">\n\t\t\t<style>\/*! elementor - v3.13.3 - 28-05-2023 *\/\n.elementor-widget-text-editor.elementor-drop-cap-view-stacked .elementor-drop-cap{background-color:#69727d;color:#fff}.elementor-widget-text-editor.elementor-drop-cap-view-framed .elementor-drop-cap{color:#69727d;border:3px solid;background-color:transparent}.elementor-widget-text-editor:not(.elementor-drop-cap-view-default) .elementor-drop-cap{margin-top:8px}.elementor-widget-text-editor:not(.elementor-drop-cap-view-default) .elementor-drop-cap-letter{width:1em;height:1em}.elementor-widget-text-editor .elementor-drop-cap{float:left;text-align:center;line-height:1;font-size:50px}.elementor-widget-text-editor .elementor-drop-cap-letter{display:inline-block}<\/style>\t\t\t\t<h2>MIDAS\/DB: una metodolog\u00eda basada en modelos para el desarrollo de la dimension estructural del sistema de informacion web<\/h2><p>\u00a0<\/p><div class=\"page-container clearfix\"><p>En esta tesis doctoral se propone MIDA\/DB, una metodolog\u00eda basada en modelos<br \/>para el desarrollo de la dimensi\u00f3n estructural de un Sistema de Informaci\u00f3n<br \/>Web (SIW). MIDAS\/DB se basa en est\u00e1ndares, por lo que propone el uso de<br \/>UML, XML y SQL: 1999. La dimensi\u00f3n estructural de un SIW incluye tanto<br \/>los aspectos relacionados con el modelado tradicional de la base de datos,<br \/>es decir, el contenido, como la forma en que los datos se estructuran para<br \/>navegar a trav\u00e9s de ellos, es decir, el hipertexto. MIDA\/DB propone constituir<br \/>el hipertexto utilizando tecnolog\u00eda XML y generando las p\u00e1ginas din\u00e1micamente<br \/>a partir de una base de datos (objeto-)relacional.<\/p><p>MIDAS\/DB selecciona, adapta e integra, para cada vista del sistema, t\u00e9cnicas<br \/>o notaciones de las metodolog\u00edas existentes, siempre que sea posible, tomando<br \/>las mejores pr\u00e1cticas de cada una de ellas y, en caso de que sea necesario,<br \/>define nuevas t\u00e9cnicas y notaciones. Todos los modelos del sistema se representan<br \/>en UML, independientemente del nivel de abstraci\u00f3n del que se trate. Para<br \/>ello, se han adaptado algunas extensiones de UML ya existentes y se han<br \/>definido otras. En concreto, se proponen extensiones de UML para el dise\u00f1o<br \/>de datos (objeto-) relacionales y para esquemas XML y XLink.<\/p><p>La validaci\u00f3n se ha llevado a cabo mediante su aplicaci\u00f3n a distintos casos<br \/>de estudio y prueba, en un proceso iterativo basado en el m\u00e9todo de Investigaci\u00f3n<br \/>en Acci\u00f3n. Adem\u00e1s, se han implementado tres ADD-INs de Rational Rose que<br \/>soportan las extensiones de UML propuestas en este trabajo.<\/p><\/div><p><b>Defense Data<\/b><\/p><div class=\"custom_list edit-icon\"><p>\u00a0<\/p><ul><li><b>Author:<\/b>\u00a0Bel\u00e9n Vela S\u00e1nchez<\/li><li><b>Thesis Supervisor:<\/b>\u00a0Esperanza Marcos Mart\u00ednez,<\/li><li><b>Thesis Committee:<\/b>\u00a0Isidro Ramos Salavert, Jos\u00e9 Maria Cavero Barca, Nieves Rodriguez Brisaboa, Miguel Toro Bonilla, Mar\u00eda Paloma D\u00edaz P\u00e9rez<\/li><li><b>Thesis defense date:<\/b>\u00a026\/09\/2003<\/li><li><b>Department:<\/b>\u00a0Departamento de Inform\u00e1tica, Estad\u00edstica y Matem\u00e1ticas<\/li><li><b>School\/Faculty:<\/b>\u00a0Escuela Superior de Ciencias Experimentales y Tecnolog\u00eda<\/li><li><b>University:<\/b>\u00a0University Rey Juan Carlos<\/li><\/ul><\/div>\t\t\t\t\t\t<\/div>\n\t\t\t\t<\/div>\n\t\t\t\t\t<\/div>\n\t\t\t\t<\/div>\n\t\t\t\t\t\t\t<\/div>\n\t\t","protected":false},"excerpt":{"rendered":"<p>PhD Thesis: Bel\u00e9n Vela S\u00e1nchez MIDAS\/DB: una metodolog\u00eda basada en modelos para el desarrollo de la dimension estructural del sistema de informacion web \u00a0 En esta tesis doctoral se propone MIDA\/DB, una metodolog\u00eda basada en modelospara el desarrollo de la dimensi\u00f3n estructural de un Sistema de Informaci\u00f3nWeb (SIW). MIDAS\/DB se basa en est\u00e1ndares, por lo &hellip;<\/p>\n<p class=\"read-more\"> <a class=\"\" href=\"https:\/\/kybele.ingenieriadeservicios.es\/index.php\/tesis-belen-vela-sanchez\/\"> <span class=\"screen-reader-text\">Tesis Bel\u00e9n Vela S\u00e1nchez<\/span> Leer m\u00e1s &raquo;<\/a><\/p>\n","protected":false},"author":1,"featured_media":0,"parent":0,"menu_order":0,"comment_status":"closed","ping_status":"closed","template":"","meta":{"_eb_attr":"","site-sidebar-layout":"no-sidebar","site-content-layout":"page-builder","ast-global-header-display":"","ast-main-header-display":"","ast-hfb-above-header-display":"","ast-hfb-below-header-display":"","ast-hfb-mobile-header-display":"","site-post-title":"disabled","ast-breadcrumbs-content":"","ast-featured-img":"disabled","footer-sml-layout":"","theme-transparent-header-meta":"","adv-header-id-meta":"","stick-header-meta":"","header-above-stick-meta":"","header-main-stick-meta":"","header-below-stick-meta":""},"_links":{"self":[{"href":"https:\/\/kybele.ingenieriadeservicios.es\/index.php\/wp-json\/wp\/v2\/pages\/3631"}],"collection":[{"href":"https:\/\/kybele.ingenieriadeservicios.es\/index.php\/wp-json\/wp\/v2\/pages"}],"about":[{"href":"https:\/\/kybele.ingenieriadeservicios.es\/index.php\/wp-json\/wp\/v2\/types\/page"}],"author":[{"embeddable":true,"href":"https:\/\/kybele.ingenieriadeservicios.es\/index.php\/wp-json\/wp\/v2\/users\/1"}],"replies":[{"embeddable":true,"href":"https:\/\/kybele.ingenieriadeservicios.es\/index.php\/wp-json\/wp\/v2\/comments?post=3631"}],"version-history":[{"count":7,"href":"https:\/\/kybele.ingenieriadeservicios.es\/index.php\/wp-json\/wp\/v2\/pages\/3631\/revisions"}],"predecessor-version":[{"id":3640,"href":"https:\/\/kybele.ingenieriadeservicios.es\/index.php\/wp-json\/wp\/v2\/pages\/3631\/revisions\/3640"}],"wp:attachment":[{"href":"https:\/\/kybele.ingenieriadeservicios.es\/index.php\/wp-json\/wp\/v2\/media?parent=3631"}],"curies":[{"name":"wp","href":"https:\/\/api.w.org\/{rel}","templated":true}]}}