{"id":3584,"date":"2023-07-11T09:27:30","date_gmt":"2023-07-11T07:27:30","guid":{"rendered":"https:\/\/kybele.ingenieriadeservicios.es\/?page_id=3584"},"modified":"2023-07-11T09:39:05","modified_gmt":"2023-07-11T07:39:05","slug":"tesis-emanuel-irrazabal","status":"publish","type":"page","link":"https:\/\/kybele.ingenieriadeservicios.es\/index.php\/tesis-emanuel-irrazabal\/","title":{"rendered":"Tesis Emanuel Irrazabal"},"content":{"rendered":"\t\t<div data-elementor-type=\"wp-page\" data-elementor-id=\"3584\" class=\"elementor elementor-3584\">\n\t\t\t\t\t\t\t<div class=\"elementor-element elementor-element-df1187e e-con-boxed e-flex e-con\" data-id=\"df1187e\" data-element_type=\"container\" data-settings=\"{&quot;content_width&quot;:&quot;boxed&quot;}\">\n\t\t\t\t\t<div class=\"e-con-inner\">\n\t\t<div class=\"elementor-element elementor-element-a26470e e-con-full e-flex e-con\" data-id=\"a26470e\" data-element_type=\"container\" data-settings=\"{&quot;content_width&quot;:&quot;full&quot;}\">\n\t\t\t\t<div class=\"elementor-element elementor-element-5385b6b elementor-widget elementor-widget-image\" data-id=\"5385b6b\" data-element_type=\"widget\" data-widget_type=\"image.default\">\n\t\t\t\t<div class=\"elementor-widget-container\">\n\t\t\t<style>\/*! elementor - v3.13.3 - 28-05-2023 *\/\n.elementor-widget-image{text-align:center}.elementor-widget-image a{display:inline-block}.elementor-widget-image a img[src$=\".svg\"]{width:48px}.elementor-widget-image img{vertical-align:middle;display:inline-block}<\/style>\t\t\t\t\t\t\t\t\t\t\t\t<img decoding=\"async\" width=\"279\" height=\"300\" src=\"https:\/\/kybele.ingenieriadeservicios.es\/wp-content\/uploads\/2023\/07\/Emanuel_Irrazabal-removebg-preview-279x300.png\" class=\"attachment-medium size-medium wp-image-3587\" alt=\"\" loading=\"lazy\" srcset=\"https:\/\/kybele.ingenieriadeservicios.es\/wp-content\/uploads\/2023\/07\/Emanuel_Irrazabal-removebg-preview-279x300.png 279w, https:\/\/kybele.ingenieriadeservicios.es\/wp-content\/uploads\/2023\/07\/Emanuel_Irrazabal-removebg-preview.png 376w\" sizes=\"(max-width: 279px) 100vw, 279px\" \/>\t\t\t\t\t\t\t\t\t\t\t\t\t\t\t<\/div>\n\t\t\t\t<\/div>\n\t\t\t\t<\/div>\n\t\t<div class=\"elementor-element elementor-element-e792593 e-con-full e-flex e-con\" data-id=\"e792593\" data-element_type=\"container\" data-settings=\"{&quot;content_width&quot;:&quot;full&quot;}\">\n\t\t\t\t<div class=\"elementor-element elementor-element-0d94e57 elementor-widget elementor-widget-heading\" data-id=\"0d94e57\" data-element_type=\"widget\" data-widget_type=\"heading.default\">\n\t\t\t\t<div class=\"elementor-widget-container\">\n\t\t\t<style>\/*! elementor - v3.13.3 - 28-05-2023 *\/\n.elementor-heading-title{padding:0;margin:0;line-height:1}.elementor-widget-heading .elementor-heading-title[class*=elementor-size-]>a{color:inherit;font-size:inherit;line-height:inherit}.elementor-widget-heading .elementor-heading-title.elementor-size-small{font-size:15px}.elementor-widget-heading .elementor-heading-title.elementor-size-medium{font-size:19px}.elementor-widget-heading .elementor-heading-title.elementor-size-large{font-size:29px}.elementor-widget-heading .elementor-heading-title.elementor-size-xl{font-size:39px}.elementor-widget-heading .elementor-heading-title.elementor-size-xxl{font-size:59px}<\/style><h2 class=\"elementor-heading-title elementor-size-default\"><Strong>PhD Thesis<\/strong>: Emanuel Irrazabal<\/h2>\t\t<\/div>\n\t\t\t\t<\/div>\n\t\t\t\t<\/div>\n\t\t\t\t\t<\/div>\n\t\t\t\t<\/div>\n\t\t<div class=\"elementor-element elementor-element-5e9681f e-con-boxed e-flex e-con\" data-id=\"5e9681f\" data-element_type=\"container\" data-settings=\"{&quot;content_width&quot;:&quot;boxed&quot;}\">\n\t\t\t\t\t<div class=\"e-con-inner\">\n\t\t\t\t<div class=\"elementor-element elementor-element-3ba03c7 elementor-widget elementor-widget-text-editor\" data-id=\"3ba03c7\" data-element_type=\"widget\" data-widget_type=\"text-editor.default\">\n\t\t\t\t<div class=\"elementor-widget-container\">\n\t\t\t<style>\/*! elementor - v3.13.3 - 28-05-2023 *\/\n.elementor-widget-text-editor.elementor-drop-cap-view-stacked .elementor-drop-cap{background-color:#69727d;color:#fff}.elementor-widget-text-editor.elementor-drop-cap-view-framed .elementor-drop-cap{color:#69727d;border:3px solid;background-color:transparent}.elementor-widget-text-editor:not(.elementor-drop-cap-view-default) .elementor-drop-cap{margin-top:8px}.elementor-widget-text-editor:not(.elementor-drop-cap-view-default) .elementor-drop-cap-letter{width:1em;height:1em}.elementor-widget-text-editor .elementor-drop-cap{float:left;text-align:center;line-height:1;font-size:50px}.elementor-widget-text-editor .elementor-drop-cap-letter{display:inline-block}<\/style>\t\t\t\t<h2>\u00a0Construcci\u00f3n de un entorno para la medicion automatizada de la calidad de los productos de software<\/h2><div id=\"gt-res-content\"><div id=\"gt-res-dir-ctr\" class=\"trans-verified-button-small\" dir=\"ltr\">En la presente Tesis Doctoral se propone un entorno basado en software libre, para implantar un sistema de medici\u00f3n de la mantenibilidad software a nivel operativo, t\u00e1ctico y estrat\u00e9gico. Y por otro lado, un soporte metodol\u00f3gico para la evaluaci\u00f3n de la mantenibilidad del producto software capaz de calcular el valor y el retorno de inversi\u00f3n de las refactorizaciones necesarias para mejorar dicha mantenibilidad. En el desarrollo software actual, la medici\u00f3n es una pieza b\u00e1sica a la hora de\u00a0<span class=\"details\">controlar la calidad del producto, m\u00e1s a\u00fan si el desarrollo es realizado por equipos externos, donde el receptor del software debe establecer sus propios sistemas de control de la calidad. Es en este punto donde ha surgido el desarrollo de esta Tesis Doctoral y la construcci\u00f3n del entorno KEMIS, como una soluci\u00f3n para aquellas empresas que desean realizar una medici\u00f3n de la calidad de sus productos software. Especialmente aquellas que han externalizado el desarrollo de dichos productos y necesitan un an\u00e1lisis de calidad automatizado, planificable e intuitivo. El uso de la herramienta en un entorno real ha dado la pauta del valor agregado al utilizar KEMIS. Ha recibido una amplia aceptaci\u00f3n avalada por buenos resultados y se ha podido comprobar la dificultad que tienen las empresas al intentar mejorar el c\u00f3digo fuente manualmente. Esta necesidad ya hab\u00eda sido identificada en los estudios previos y los trabajos futuros abordar\u00e1n esta problem\u00e1tica. As\u00ed mismo, las empresas de desarrollo arriesgan continuamente gran cantidad de recursos al priorizar de manera informal las mejoras del software. El entorno KEMIS tambi\u00e9n ayuda a resolver el riesgo que supone esta toma de decisi\u00f3n sin tener suficiente informaci\u00f3n o un mecanismo sistem\u00e1tico a seguir. Una de las mayores contribuciones de esta Tesis Doctoral es el modelo de medici\u00f3n del valor para priorizar las refactorizaciones del software. Uno de los aspectos por donde continuar avanzando en el modelo de medici\u00f3n es en los beneficios particulares de cada mejora propuesta. Por \u00faltimo otro aspecto a tener en cuenta en los trabajos futuros es el grado de automatizaci\u00f3n de los indicadores de valor.<\/span><\/div><\/div><p>\u00a0<\/p><div class=\"horizotal_break clearfix\">\u00a0<\/div><div class=\"page-container clearfix\">\u00a0<\/div><p><b>Defense Data<\/b><\/p><div class=\"custom_list edit-icon\"><p>\u00a0<\/p><ul><li><b>Author:<\/b>\u00a0<a title=\"Juan Manuel Vara\" href=\"http:\/\/www.kybele.etsii.urjc.es\/es\/miembros-enmanuel-irrazabal\/\">Enmanuel Irrazabal<\/a><\/li><li><b>Thesis Supervisor:<\/b>\u00a0Javier Garz\u00e1s Parra,Juan Manuel Vara Mesa<\/li><li><b>Thesis Committee:<\/b><\/li><li><b>Thesis defense date:<\/b>\u00a02012<\/li><li><b>Department:<\/b>\u00a0Lenguajes y Sistemas Inform\u00e1ticos II<\/li><li><b>School\/Faculty:\u00a0<\/b>Escuela Superior de Ingenier\u00eda Inform\u00e1tica<\/li><li><b>University:<\/b>\u00a0University Rey Juan Carlos<\/li><\/ul><\/div>\t\t\t\t\t\t<\/div>\n\t\t\t\t<\/div>\n\t\t\t\t\t<\/div>\n\t\t\t\t<\/div>\n\t\t\t\t\t\t\t<\/div>\n\t\t","protected":false},"excerpt":{"rendered":"<p>PhD Thesis: Emanuel Irrazabal \u00a0Construcci\u00f3n de un entorno para la medicion automatizada de la calidad de los productos de software En la presente Tesis Doctoral se propone un entorno basado en software libre, para implantar un sistema de medici\u00f3n de la mantenibilidad software a nivel operativo, t\u00e1ctico y estrat\u00e9gico. Y por otro lado, un soporte &hellip;<\/p>\n<p class=\"read-more\"> <a class=\"\" href=\"https:\/\/kybele.ingenieriadeservicios.es\/index.php\/tesis-emanuel-irrazabal\/\"> <span class=\"screen-reader-text\">Tesis Emanuel Irrazabal<\/span> Leer m\u00e1s &raquo;<\/a><\/p>\n","protected":false},"author":1,"featured_media":0,"parent":0,"menu_order":0,"comment_status":"closed","ping_status":"closed","template":"","meta":{"_eb_attr":"","site-sidebar-layout":"no-sidebar","site-content-layout":"page-builder","ast-global-header-display":"","ast-main-header-display":"","ast-hfb-above-header-display":"","ast-hfb-below-header-display":"","ast-hfb-mobile-header-display":"","site-post-title":"disabled","ast-breadcrumbs-content":"","ast-featured-img":"disabled","footer-sml-layout":"","theme-transparent-header-meta":"","adv-header-id-meta":"","stick-header-meta":"","header-above-stick-meta":"","header-main-stick-meta":"","header-below-stick-meta":""},"_links":{"self":[{"href":"https:\/\/kybele.ingenieriadeservicios.es\/index.php\/wp-json\/wp\/v2\/pages\/3584"}],"collection":[{"href":"https:\/\/kybele.ingenieriadeservicios.es\/index.php\/wp-json\/wp\/v2\/pages"}],"about":[{"href":"https:\/\/kybele.ingenieriadeservicios.es\/index.php\/wp-json\/wp\/v2\/types\/page"}],"author":[{"embeddable":true,"href":"https:\/\/kybele.ingenieriadeservicios.es\/index.php\/wp-json\/wp\/v2\/users\/1"}],"replies":[{"embeddable":true,"href":"https:\/\/kybele.ingenieriadeservicios.es\/index.php\/wp-json\/wp\/v2\/comments?post=3584"}],"version-history":[{"count":4,"href":"https:\/\/kybele.ingenieriadeservicios.es\/index.php\/wp-json\/wp\/v2\/pages\/3584\/revisions"}],"predecessor-version":[{"id":3590,"href":"https:\/\/kybele.ingenieriadeservicios.es\/index.php\/wp-json\/wp\/v2\/pages\/3584\/revisions\/3590"}],"wp:attachment":[{"href":"https:\/\/kybele.ingenieriadeservicios.es\/index.php\/wp-json\/wp\/v2\/media?parent=3584"}],"curies":[{"name":"wp","href":"https:\/\/api.w.org\/{rel}","templated":true}]}}