{"id":3578,"date":"2023-07-11T09:25:38","date_gmt":"2023-07-11T07:25:38","guid":{"rendered":"https:\/\/kybele.ingenieriadeservicios.es\/?page_id=3578"},"modified":"2023-07-11T09:26:41","modified_gmt":"2023-07-11T07:26:41","slug":"tesis-jorge-moratalla","status":"publish","type":"page","link":"https:\/\/kybele.ingenieriadeservicios.es\/index.php\/tesis-jorge-moratalla\/","title":{"rendered":"Tesis Jorge Moratalla"},"content":{"rendered":"\t\t<div data-elementor-type=\"wp-page\" data-elementor-id=\"3578\" class=\"elementor elementor-3578\">\n\t\t\t\t\t\t\t<div class=\"elementor-element elementor-element-df1187e e-con-boxed e-flex e-con\" data-id=\"df1187e\" data-element_type=\"container\" data-settings=\"{&quot;content_width&quot;:&quot;boxed&quot;}\">\n\t\t\t\t\t<div class=\"e-con-inner\">\n\t\t<div class=\"elementor-element elementor-element-a26470e e-con-full e-flex e-con\" data-id=\"a26470e\" data-element_type=\"container\" data-settings=\"{&quot;content_width&quot;:&quot;full&quot;}\">\n\t\t\t\t<div class=\"elementor-element elementor-element-5385b6b elementor-widget elementor-widget-image\" data-id=\"5385b6b\" data-element_type=\"widget\" data-widget_type=\"image.default\">\n\t\t\t\t<div class=\"elementor-widget-container\">\n\t\t\t<style>\/*! elementor - v3.13.3 - 28-05-2023 *\/\n.elementor-widget-image{text-align:center}.elementor-widget-image a{display:inline-block}.elementor-widget-image a img[src$=\".svg\"]{width:48px}.elementor-widget-image img{vertical-align:middle;display:inline-block}<\/style>\t\t\t\t\t\t\t\t\t\t\t\t<img decoding=\"async\" width=\"300\" height=\"300\" src=\"https:\/\/kybele.ingenieriadeservicios.es\/wp-content\/uploads\/2023\/07\/Jorge_Moratalla-removebg-preview-300x300.png\" class=\"attachment-medium size-medium wp-image-3580\" alt=\"\" loading=\"lazy\" srcset=\"https:\/\/kybele.ingenieriadeservicios.es\/wp-content\/uploads\/2023\/07\/Jorge_Moratalla-removebg-preview-300x300.png 300w, https:\/\/kybele.ingenieriadeservicios.es\/wp-content\/uploads\/2023\/07\/Jorge_Moratalla-removebg-preview-150x150.png 150w, https:\/\/kybele.ingenieriadeservicios.es\/wp-content\/uploads\/2023\/07\/Jorge_Moratalla-removebg-preview.png 500w\" sizes=\"(max-width: 300px) 100vw, 300px\" \/>\t\t\t\t\t\t\t\t\t\t\t\t\t\t\t<\/div>\n\t\t\t\t<\/div>\n\t\t\t\t<\/div>\n\t\t<div class=\"elementor-element elementor-element-e792593 e-con-full e-flex e-con\" data-id=\"e792593\" data-element_type=\"container\" data-settings=\"{&quot;content_width&quot;:&quot;full&quot;}\">\n\t\t\t\t<div class=\"elementor-element elementor-element-0d94e57 elementor-widget elementor-widget-heading\" data-id=\"0d94e57\" data-element_type=\"widget\" data-widget_type=\"heading.default\">\n\t\t\t\t<div class=\"elementor-widget-container\">\n\t\t\t<style>\/*! elementor - v3.13.3 - 28-05-2023 *\/\n.elementor-heading-title{padding:0;margin:0;line-height:1}.elementor-widget-heading .elementor-heading-title[class*=elementor-size-]>a{color:inherit;font-size:inherit;line-height:inherit}.elementor-widget-heading .elementor-heading-title.elementor-size-small{font-size:15px}.elementor-widget-heading .elementor-heading-title.elementor-size-medium{font-size:19px}.elementor-widget-heading .elementor-heading-title.elementor-size-large{font-size:29px}.elementor-widget-heading .elementor-heading-title.elementor-size-xl{font-size:39px}.elementor-widget-heading .elementor-heading-title.elementor-size-xxl{font-size:59px}<\/style><h2 class=\"elementor-heading-title elementor-size-default\"><Strong>PhD Thesis<\/strong>: Jorge Moratalla<\/h2>\t\t<\/div>\n\t\t\t\t<\/div>\n\t\t\t\t<\/div>\n\t\t\t\t\t<\/div>\n\t\t\t\t<\/div>\n\t\t<div class=\"elementor-element elementor-element-5e9681f e-con-boxed e-flex e-con\" data-id=\"5e9681f\" data-element_type=\"container\" data-settings=\"{&quot;content_width&quot;:&quot;boxed&quot;}\">\n\t\t\t\t\t<div class=\"e-con-inner\">\n\t\t\t\t<div class=\"elementor-element elementor-element-3ba03c7 elementor-widget elementor-widget-text-editor\" data-id=\"3ba03c7\" data-element_type=\"widget\" data-widget_type=\"text-editor.default\">\n\t\t\t\t<div class=\"elementor-widget-container\">\n\t\t\t<style>\/*! elementor - v3.13.3 - 28-05-2023 *\/\n.elementor-widget-text-editor.elementor-drop-cap-view-stacked .elementor-drop-cap{background-color:#69727d;color:#fff}.elementor-widget-text-editor.elementor-drop-cap-view-framed .elementor-drop-cap{color:#69727d;border:3px solid;background-color:transparent}.elementor-widget-text-editor:not(.elementor-drop-cap-view-default) .elementor-drop-cap{margin-top:8px}.elementor-widget-text-editor:not(.elementor-drop-cap-view-default) .elementor-drop-cap-letter{width:1em;height:1em}.elementor-widget-text-editor .elementor-drop-cap{float:left;text-align:center;line-height:1;font-size:50px}.elementor-widget-text-editor .elementor-drop-cap-letter{display:inline-block}<\/style>\t\t\t\t<h2>PREMISA: UN PROCESO PARA LA EVOLUCI\u00d3N Y MODERNIZACI\u00d3N DE SISTEMAS. APLICACI\u00d3N A RED.ES<\/h2><p><b>Defense Data<\/b><\/p><div class=\"custom_list edit-icon\"><ul><li><b>Author:<\/b>\u00a0<a title=\"Juan Manuel Vara\" href=\"http:\/\/www.kybele.etsii.urjc.es\/es\/miembros-david-granada\/\">Jorge Moratalla<\/a><\/li><li><b>Thesis Supervisor:<\/b>\u00a0<a title=\"Esperanza Marcos\" href=\"http:\/\/www.kybele.etsii.urjc.es\/es\/miembros-valeria-de-castr\/\">Maria Valeria De Casto Martinez<\/a>,<a title=\"Esperanza Marcos\" href=\"http:\/\/www.kybele.etsii.urjc.es\/es\/miembros-marcos-lopez-sanz\/\">Marcos L\u00f3pez Sanz<\/a><\/li><li><b>Thesis Committee:<\/b>\u00a0Esperanza Marcos Mart\u00ednez, Pedro Javier Alvarez Perez-Aradros, Ignacio De G\u00fazman Rodr\u00edguez Garc\u00eda, Maria Angeles Saavedra Places<\/li><li><b>Thesis defense date:<\/b>\u00a014\/06\/2012<\/li><li><b>Department:<\/b>\u00a0Lenguajes y sistemas inform\u00e1ticos II<\/li><li><b>School\/Faculty:\u00a0<\/b>Escuela Superior de Ingenier\u00eda Inform\u00e1tica<\/li><li><b>University:<\/b>\u00a0University Rey Juan Carlos<\/li><\/ul><\/div>\t\t\t\t\t\t<\/div>\n\t\t\t\t<\/div>\n\t\t\t\t\t<\/div>\n\t\t\t\t<\/div>\n\t\t\t\t\t\t\t<\/div>\n\t\t","protected":false},"excerpt":{"rendered":"<p>PhD Thesis: Jorge Moratalla PREMISA: UN PROCESO PARA LA EVOLUCI\u00d3N Y MODERNIZACI\u00d3N DE SISTEMAS. APLICACI\u00d3N A RED.ES Defense Data Author:\u00a0Jorge Moratalla Thesis Supervisor:\u00a0Maria Valeria De Casto Martinez,Marcos L\u00f3pez Sanz Thesis Committee:\u00a0Esperanza Marcos Mart\u00ednez, Pedro Javier Alvarez Perez-Aradros, Ignacio De G\u00fazman Rodr\u00edguez Garc\u00eda, Maria Angeles Saavedra Places Thesis defense date:\u00a014\/06\/2012 Department:\u00a0Lenguajes y sistemas inform\u00e1ticos II School\/Faculty:\u00a0Escuela &hellip;<\/p>\n<p class=\"read-more\"> <a class=\"\" href=\"https:\/\/kybele.ingenieriadeservicios.es\/index.php\/tesis-jorge-moratalla\/\"> <span class=\"screen-reader-text\">Tesis Jorge Moratalla<\/span> Leer m\u00e1s &raquo;<\/a><\/p>\n","protected":false},"author":1,"featured_media":0,"parent":0,"menu_order":0,"comment_status":"closed","ping_status":"closed","template":"","meta":{"_eb_attr":"","site-sidebar-layout":"no-sidebar","site-content-layout":"page-builder","ast-global-header-display":"","ast-main-header-display":"","ast-hfb-above-header-display":"","ast-hfb-below-header-display":"","ast-hfb-mobile-header-display":"","site-post-title":"disabled","ast-breadcrumbs-content":"","ast-featured-img":"disabled","footer-sml-layout":"","theme-transparent-header-meta":"","adv-header-id-meta":"","stick-header-meta":"","header-above-stick-meta":"","header-main-stick-meta":"","header-below-stick-meta":""},"_links":{"self":[{"href":"https:\/\/kybele.ingenieriadeservicios.es\/index.php\/wp-json\/wp\/v2\/pages\/3578"}],"collection":[{"href":"https:\/\/kybele.ingenieriadeservicios.es\/index.php\/wp-json\/wp\/v2\/pages"}],"about":[{"href":"https:\/\/kybele.ingenieriadeservicios.es\/index.php\/wp-json\/wp\/v2\/types\/page"}],"author":[{"embeddable":true,"href":"https:\/\/kybele.ingenieriadeservicios.es\/index.php\/wp-json\/wp\/v2\/users\/1"}],"replies":[{"embeddable":true,"href":"https:\/\/kybele.ingenieriadeservicios.es\/index.php\/wp-json\/wp\/v2\/comments?post=3578"}],"version-history":[{"count":4,"href":"https:\/\/kybele.ingenieriadeservicios.es\/index.php\/wp-json\/wp\/v2\/pages\/3578\/revisions"}],"predecessor-version":[{"id":3583,"href":"https:\/\/kybele.ingenieriadeservicios.es\/index.php\/wp-json\/wp\/v2\/pages\/3578\/revisions\/3583"}],"wp:attachment":[{"href":"https:\/\/kybele.ingenieriadeservicios.es\/index.php\/wp-json\/wp\/v2\/media?parent=3578"}],"curies":[{"name":"wp","href":"https:\/\/api.w.org\/{rel}","templated":true}]}}