{"id":3546,"date":"2023-07-11T08:56:29","date_gmt":"2023-07-11T06:56:29","guid":{"rendered":"https:\/\/kybele.ingenieriadeservicios.es\/?page_id=3546"},"modified":"2023-07-11T09:05:31","modified_gmt":"2023-07-11T07:05:31","slug":"tesis-david-granada","status":"publish","type":"page","link":"https:\/\/kybele.ingenieriadeservicios.es\/index.php\/tesis-david-granada\/","title":{"rendered":"Tesis David Granada"},"content":{"rendered":"\t\t<div data-elementor-type=\"wp-page\" data-elementor-id=\"3546\" class=\"elementor elementor-3546\">\n\t\t\t\t\t\t\t<div class=\"elementor-element elementor-element-df1187e e-con-boxed e-flex e-con\" data-id=\"df1187e\" data-element_type=\"container\" data-settings=\"{&quot;content_width&quot;:&quot;boxed&quot;}\">\n\t\t\t\t\t<div class=\"e-con-inner\">\n\t\t<div class=\"elementor-element elementor-element-a26470e e-con-full e-flex e-con\" data-id=\"a26470e\" data-element_type=\"container\" data-settings=\"{&quot;content_width&quot;:&quot;full&quot;}\">\n\t\t\t\t<div class=\"elementor-element elementor-element-5385b6b elementor-widget elementor-widget-image\" data-id=\"5385b6b\" data-element_type=\"widget\" data-widget_type=\"image.default\">\n\t\t\t\t<div class=\"elementor-widget-container\">\n\t\t\t<style>\/*! elementor - v3.13.3 - 28-05-2023 *\/\n.elementor-widget-image{text-align:center}.elementor-widget-image a{display:inline-block}.elementor-widget-image a img[src$=\".svg\"]{width:48px}.elementor-widget-image img{vertical-align:middle;display:inline-block}<\/style>\t\t\t\t\t\t\t\t\t\t\t\t<img decoding=\"async\" width=\"300\" height=\"300\" src=\"https:\/\/kybele.ingenieriadeservicios.es\/wp-content\/uploads\/2023\/07\/David-Granada-300x300.png\" class=\"attachment-medium size-medium wp-image-3549\" alt=\"\" loading=\"lazy\" srcset=\"https:\/\/kybele.ingenieriadeservicios.es\/wp-content\/uploads\/2023\/07\/David-Granada-300x300.png 300w, https:\/\/kybele.ingenieriadeservicios.es\/wp-content\/uploads\/2023\/07\/David-Granada-150x150.png 150w, https:\/\/kybele.ingenieriadeservicios.es\/wp-content\/uploads\/2023\/07\/David-Granada.png 500w\" sizes=\"(max-width: 300px) 100vw, 300px\" \/>\t\t\t\t\t\t\t\t\t\t\t\t\t\t\t<\/div>\n\t\t\t\t<\/div>\n\t\t\t\t<\/div>\n\t\t<div class=\"elementor-element elementor-element-e792593 e-con-full e-flex e-con\" data-id=\"e792593\" data-element_type=\"container\" data-settings=\"{&quot;content_width&quot;:&quot;full&quot;}\">\n\t\t\t\t<div class=\"elementor-element elementor-element-0d94e57 elementor-widget elementor-widget-heading\" data-id=\"0d94e57\" data-element_type=\"widget\" data-widget_type=\"heading.default\">\n\t\t\t\t<div class=\"elementor-widget-container\">\n\t\t\t<style>\/*! elementor - v3.13.3 - 28-05-2023 *\/\n.elementor-heading-title{padding:0;margin:0;line-height:1}.elementor-widget-heading .elementor-heading-title[class*=elementor-size-]>a{color:inherit;font-size:inherit;line-height:inherit}.elementor-widget-heading .elementor-heading-title.elementor-size-small{font-size:15px}.elementor-widget-heading .elementor-heading-title.elementor-size-medium{font-size:19px}.elementor-widget-heading .elementor-heading-title.elementor-size-large{font-size:29px}.elementor-widget-heading .elementor-heading-title.elementor-size-xl{font-size:39px}.elementor-widget-heading .elementor-heading-title.elementor-size-xxl{font-size:59px}<\/style><h2 class=\"elementor-heading-title elementor-size-default\"><Strong>PhD Thesis<\/strong>: David Granada<\/h2>\t\t<\/div>\n\t\t\t\t<\/div>\n\t\t\t\t<\/div>\n\t\t\t\t\t<\/div>\n\t\t\t\t<\/div>\n\t\t<div class=\"elementor-element elementor-element-5e9681f e-con-boxed e-flex e-con\" data-id=\"5e9681f\" data-element_type=\"container\" data-settings=\"{&quot;content_width&quot;:&quot;boxed&quot;}\">\n\t\t\t\t\t<div class=\"e-con-inner\">\n\t\t\t\t<div class=\"elementor-element elementor-element-3ba03c7 elementor-widget elementor-widget-text-editor\" data-id=\"3ba03c7\" data-element_type=\"widget\" data-widget_type=\"text-editor.default\">\n\t\t\t\t<div class=\"elementor-widget-container\">\n\t\t\t<style>\/*! elementor - v3.13.3 - 28-05-2023 *\/\n.elementor-widget-text-editor.elementor-drop-cap-view-stacked .elementor-drop-cap{background-color:#69727d;color:#fff}.elementor-widget-text-editor.elementor-drop-cap-view-framed .elementor-drop-cap{color:#69727d;border:3px solid;background-color:transparent}.elementor-widget-text-editor:not(.elementor-drop-cap-view-default) .elementor-drop-cap{margin-top:8px}.elementor-widget-text-editor:not(.elementor-drop-cap-view-default) .elementor-drop-cap-letter{width:1em;height:1em}.elementor-widget-text-editor .elementor-drop-cap{float:left;text-align:center;line-height:1;font-size:50px}.elementor-widget-text-editor .elementor-drop-cap-letter{display:inline-block}<\/style>\t\t\t\t<h2>DESARROLLO DIRIGIDO POR MODELOS DE EDITORES GR\u00c1FICOS COGNITIVAMENTE EFICACES PARA LENGUAJES ESPEC\u00cdFICOS DE DOMINIO<\/h2><div id=\"gt-res-content\"><div id=\"gt-res-dir-ctr\" class=\"trans-verified-button-small\" dir=\"ltr\">Los Lenguajes Espec\u00edficos de Dominio (DSL, Domain Specific Languages) siempre han gozado de cierta popularidad, dado que suelen mejorar en t\u00e9rminos de expresividad y facilidad de uso a los lenguajes de prop\u00f3sito general. Con el auge de la Ingenier\u00eda Dirigida por Modelos (MDE, Model Driven Engineering), el nivel de adopci\u00f3n de los DSL, y en particular el de los DSL gr\u00e1ficos, ha experimentado un importante crecimiento.<br \/>El uso eficiente de estos DSL pasa por disponer de herramientas o entornos, generalmente en forma de editores gr\u00e1ficos, que faciliten la tarea del modelador. As\u00ed, durante los \u00faltimos a\u00f1os, y con la intenci\u00f3n de aliviar la complejidad inherente al desarrollo de este tipo de herramientas, han sido varias las propuestas que han aparecido para el desarrollo de editores gr\u00e1ficos para DSL visuales.<br \/>La mayor\u00eda de estas propuestas utilizan como base EMF (Eclipse Modeling Framework) y GMF (Graphical Modeling Framework), que, en efecto, ayudan a maximizar el nivel de automatizaci\u00f3n en el proceso de desarrollo, mientras potencian el papel que juegan los modelos en dicho proceso.<br \/>Sin embargo, el desarrollo de herramientas sobre EMF y GMF no est\u00e1 exento de problemas, en su mayor\u00eda relacionados con la curva de aprendizaje de estas tecnolog\u00edas, la escasa documentaci\u00f3n disponible, su naturaleza extensible o la complejidad que implica soportar la mayor cantidad posible de opciones de personalizaci\u00f3n.<br \/>Por todo ello, en la presente Tesis Doctoral se han analizado las soluciones m\u00e1s populares para el de desarrollo de entornos de modelado para DSL gr\u00e1ficos o visuales, identific\u00e1ndose algunos aspectos de mejora, relacionados principalmente con la falta de una base cient\u00edfica que asegure en cierta medida la calidad del producto generado y con la posibilidad de aumentar a\u00fan m\u00e1s el nivel de automatizaci\u00f3n del proceso de desarrollo.<br \/>As\u00ed, con el fin de poner en pr\u00e1ctica estas mejoras, en esta Tesis Doctoral se presenta CEViNEdit, una soluci\u00f3n tecnol\u00f3gica para la generaci\u00f3n semiautom\u00e1tica de editores gr\u00e1ficos para DSL visuales, que incorpora mecanismos para asegurar la calidad de la notaci\u00f3n visual que implementa el editor gr\u00e1fico generado.<br \/>En particular, CEViNEdit asiste al desarrollador en la selecci\u00f3n de valores para las variables visuales de la notaci\u00f3n, e implementa un conjunto de m\u00e9tricas que permiten evaluar la eficacia cognitiva de la notaci\u00f3n, tanto en tiempo de desarrollo como una vez generado el editor.<br \/>Para la concepci\u00f3n, construcci\u00f3n y validaci\u00f3n de esta soluci\u00f3n tecnol\u00f3gica se han utilizado diferentes casos de estudio que han permitido llevar a cabo varios estudios emp\u00edricos que han servido a su vez, para validar algunas de las principales contribuciones de esta Tesis Doctoral.<br \/>Por \u00faltimo, conviene mencionar que el trabajo presentado ha sido contrastado mediante la presentaci\u00f3n y publicaci\u00f3n de sus resultados en revistas y congresos nacionales e internacionales de reconocido prestigio.<\/div><\/div><p>\u00a0<\/p><div class=\"horizotal_break clearfix\">\u00a0<\/div><div class=\"page-container clearfix\">\u00a0<\/div><p><b>Defense Data<\/b><\/p><div class=\"custom_list edit-icon\"><p>\u00a0<\/p><ul><li><b>Author:<\/b>\u00a0<a title=\"Juan Manuel Vara\" href=\"http:\/\/www.kybele.etsii.urjc.es\/es\/miembros-david-granada\/\">David Granada<\/a><\/li><li><b>Thesis Supervisor:<\/b>\u00a0<a title=\"Esperanza Marcos\" href=\"http:\/\/www.kybele.etsii.urjc.es\/es\/miembros-esperanza-marcos\/\">Esperanza Marcos Mart\u00ednez<\/a>,<a title=\"Esperanza Marcos\" href=\"http:\/\/www.kybele.etsii.urjc.es\/es\/miembros-juan-manuel-vara\/\">Juan Manuel Vara Mesa<\/a><\/li><li><b>Thesis Committee:<\/b>\u00a0Oscar D\u00edaz Garc\u00eda, Andrea Ver\u00f3nica Bolatti,F\u00e9lix \u00d3scar Garc\u00eda Rubio, Paloma D\u00edaz P\u00e9rez, Jordi Cabot Sagrera<\/li><li><b>External Reviewers:<\/b>\u00a0Paolo Atzeni, Genoveva Vargas<\/li><li><b>Thesis defense date:<\/b>\u00a019\/07\/2016<\/li><li><b>Department:<\/b>\u00a0Ciencias de la educaci\u00f3n, lenguaje, cultura y artes, ciencias hist\u00f3rico-jur\u00eddicas y human\u00edsticas y lenguas modernas<\/li><li><b>School\/Faculty:\u00a0<\/b>Facultad de Ciencias Jur\u00eddicas y Sociales<\/li><li><b>University:<\/b>\u00a0University Rey Juan Carlos<\/li><\/ul><p>\u00a0<\/p><\/div><p>\u00a0<\/p><p>\u00a0<\/p>\t\t\t\t\t\t<\/div>\n\t\t\t\t<\/div>\n\t\t\t\t\t<\/div>\n\t\t\t\t<\/div>\n\t\t\t\t\t\t\t<\/div>\n\t\t","protected":false},"excerpt":{"rendered":"<p>PhD Thesis: David Granada DESARROLLO DIRIGIDO POR MODELOS DE EDITORES GR\u00c1FICOS COGNITIVAMENTE EFICACES PARA LENGUAJES ESPEC\u00cdFICOS DE DOMINIO Los Lenguajes Espec\u00edficos de Dominio (DSL, Domain Specific Languages) siempre han gozado de cierta popularidad, dado que suelen mejorar en t\u00e9rminos de expresividad y facilidad de uso a los lenguajes de prop\u00f3sito general. Con el auge de &hellip;<\/p>\n<p class=\"read-more\"> <a class=\"\" href=\"https:\/\/kybele.ingenieriadeservicios.es\/index.php\/tesis-david-granada\/\"> <span class=\"screen-reader-text\">Tesis David Granada<\/span> Leer m\u00e1s &raquo;<\/a><\/p>\n","protected":false},"author":1,"featured_media":0,"parent":0,"menu_order":0,"comment_status":"closed","ping_status":"closed","template":"","meta":{"_eb_attr":"","site-sidebar-layout":"no-sidebar","site-content-layout":"page-builder","ast-global-header-display":"","ast-main-header-display":"","ast-hfb-above-header-display":"","ast-hfb-below-header-display":"","ast-hfb-mobile-header-display":"","site-post-title":"disabled","ast-breadcrumbs-content":"","ast-featured-img":"disabled","footer-sml-layout":"","theme-transparent-header-meta":"","adv-header-id-meta":"","stick-header-meta":"","header-above-stick-meta":"","header-main-stick-meta":"","header-below-stick-meta":""},"_links":{"self":[{"href":"https:\/\/kybele.ingenieriadeservicios.es\/index.php\/wp-json\/wp\/v2\/pages\/3546"}],"collection":[{"href":"https:\/\/kybele.ingenieriadeservicios.es\/index.php\/wp-json\/wp\/v2\/pages"}],"about":[{"href":"https:\/\/kybele.ingenieriadeservicios.es\/index.php\/wp-json\/wp\/v2\/types\/page"}],"author":[{"embeddable":true,"href":"https:\/\/kybele.ingenieriadeservicios.es\/index.php\/wp-json\/wp\/v2\/users\/1"}],"replies":[{"embeddable":true,"href":"https:\/\/kybele.ingenieriadeservicios.es\/index.php\/wp-json\/wp\/v2\/comments?post=3546"}],"version-history":[{"count":4,"href":"https:\/\/kybele.ingenieriadeservicios.es\/index.php\/wp-json\/wp\/v2\/pages\/3546\/revisions"}],"predecessor-version":[{"id":3552,"href":"https:\/\/kybele.ingenieriadeservicios.es\/index.php\/wp-json\/wp\/v2\/pages\/3546\/revisions\/3552"}],"wp:attachment":[{"href":"https:\/\/kybele.ingenieriadeservicios.es\/index.php\/wp-json\/wp\/v2\/media?parent=3546"}],"curies":[{"name":"wp","href":"https:\/\/api.w.org\/{rel}","templated":true}]}}