{"id":2985,"date":"2023-07-06T15:27:08","date_gmt":"2023-07-06T13:27:08","guid":{"rendered":"https:\/\/kybele.ingenieriadeservicios.es\/?page_id=2985"},"modified":"2023-07-12T09:11:21","modified_gmt":"2023-07-12T07:11:21","slug":"grupos-de-investigacion","status":"publish","type":"page","link":"https:\/\/kybele.ingenieriadeservicios.es\/index.php\/grupos-de-investigacion\/","title":{"rendered":"GRUPOS DE INVESTIGACI\u00d3N"},"content":{"rendered":"\t\t<div data-elementor-type=\"wp-page\" data-elementor-id=\"2985\" class=\"elementor elementor-2985\">\n\t\t\t\t\t\t\t<div class=\"elementor-element elementor-element-6fb24d3 e-con-boxed e-flex e-con\" data-id=\"6fb24d3\" data-element_type=\"container\" data-settings=\"{&quot;background_background&quot;:&quot;classic&quot;,&quot;content_width&quot;:&quot;boxed&quot;}\">\n\t\t\t\t\t<div class=\"e-con-inner\">\n\t\t<div class=\"elementor-element elementor-element-937225a e-con-full e-flex e-con\" data-id=\"937225a\" data-element_type=\"container\" data-settings=\"{&quot;content_width&quot;:&quot;full&quot;}\">\n\t\t\t\t<div class=\"elementor-element elementor-element-e93f7a2 elementor-hidden-mobile elementor-widget elementor-widget-image\" data-id=\"e93f7a2\" data-element_type=\"widget\" data-widget_type=\"image.default\">\n\t\t\t\t<div class=\"elementor-widget-container\">\n\t\t\t<style>\/*! elementor - v3.13.3 - 28-05-2023 *\/\n.elementor-widget-image{text-align:center}.elementor-widget-image a{display:inline-block}.elementor-widget-image a img[src$=\".svg\"]{width:48px}.elementor-widget-image img{vertical-align:middle;display:inline-block}<\/style>\t\t\t\t\t\t\t\t\t\t\t\t<img decoding=\"async\" width=\"996\" height=\"664\" src=\"https:\/\/kybele.ingenieriadeservicios.es\/wp-content\/uploads\/2023\/07\/grafico-discusion-oficina_1170-1763.jpg\" class=\"attachment-2048x2048 size-2048x2048 wp-image-3007\" alt=\"\" loading=\"lazy\" srcset=\"https:\/\/kybele.ingenieriadeservicios.es\/wp-content\/uploads\/2023\/07\/grafico-discusion-oficina_1170-1763.jpg 996w, https:\/\/kybele.ingenieriadeservicios.es\/wp-content\/uploads\/2023\/07\/grafico-discusion-oficina_1170-1763-300x200.jpg 300w, https:\/\/kybele.ingenieriadeservicios.es\/wp-content\/uploads\/2023\/07\/grafico-discusion-oficina_1170-1763-768x512.jpg 768w\" sizes=\"(max-width: 996px) 100vw, 996px\" \/>\t\t\t\t\t\t\t\t\t\t\t\t\t\t\t<\/div>\n\t\t\t\t<\/div>\n\t\t\t\t<\/div>\n\t\t<div class=\"elementor-element elementor-element-ceaff36 e-con-full e-flex e-con\" data-id=\"ceaff36\" data-element_type=\"container\" data-settings=\"{&quot;content_width&quot;:&quot;full&quot;}\">\n\t\t\t\t<div class=\"elementor-element elementor-element-f3d0f7a elementor-hidden-mobile elementor-widget elementor-widget-heading\" data-id=\"f3d0f7a\" data-element_type=\"widget\" data-widget_type=\"heading.default\">\n\t\t\t\t<div class=\"elementor-widget-container\">\n\t\t\t<style>\/*! elementor - v3.13.3 - 28-05-2023 *\/\n.elementor-heading-title{padding:0;margin:0;line-height:1}.elementor-widget-heading .elementor-heading-title[class*=elementor-size-]>a{color:inherit;font-size:inherit;line-height:inherit}.elementor-widget-heading .elementor-heading-title.elementor-size-small{font-size:15px}.elementor-widget-heading .elementor-heading-title.elementor-size-medium{font-size:19px}.elementor-widget-heading .elementor-heading-title.elementor-size-large{font-size:29px}.elementor-widget-heading .elementor-heading-title.elementor-size-xl{font-size:39px}.elementor-widget-heading .elementor-heading-title.elementor-size-xxl{font-size:59px}<\/style><h2 class=\"elementor-heading-title elementor-size-default\"><strong>GRUPOS<\/strong> DE INVESTIGACION<\/h2>\t\t<\/div>\n\t\t\t\t<\/div>\n\t\t\t\t<\/div>\n\t\t\t\t\t<\/div>\n\t\t\t\t<\/div>\n\t\t<div class=\"elementor-element elementor-element-58a49df e-con-boxed e-flex e-con\" data-id=\"58a49df\" data-element_type=\"container\" data-settings=\"{&quot;content_width&quot;:&quot;boxed&quot;}\">\n\t\t\t\t\t<div class=\"e-con-inner\">\n\t\t\t\t<div class=\"elementor-element elementor-element-086d255 elementor-widget elementor-widget-heading\" data-id=\"086d255\" data-element_type=\"widget\" data-widget_type=\"heading.default\">\n\t\t\t\t<div class=\"elementor-widget-container\">\n\t\t\t<h2 class=\"elementor-heading-title elementor-size-default\">GRUPOS <Strong>INTERNACIONALES<\/strong><\/h2>\t\t<\/div>\n\t\t\t\t<\/div>\n\t\t\t\t<div class=\"elementor-element elementor-element-610f365 elementor-widget elementor-widget-text-editor\" data-id=\"610f365\" data-element_type=\"widget\" data-widget_type=\"text-editor.default\">\n\t\t\t\t<div class=\"elementor-widget-container\">\n\t\t\t<style>\/*! elementor - v3.13.3 - 28-05-2023 *\/\n.elementor-widget-text-editor.elementor-drop-cap-view-stacked .elementor-drop-cap{background-color:#69727d;color:#fff}.elementor-widget-text-editor.elementor-drop-cap-view-framed .elementor-drop-cap{color:#69727d;border:3px solid;background-color:transparent}.elementor-widget-text-editor:not(.elementor-drop-cap-view-default) .elementor-drop-cap{margin-top:8px}.elementor-widget-text-editor:not(.elementor-drop-cap-view-default) .elementor-drop-cap-letter{width:1em;height:1em}.elementor-widget-text-editor .elementor-drop-cap{float:left;text-align:center;line-height:1;font-size:50px}.elementor-widget-text-editor .elementor-drop-cap-letter{display:inline-block}<\/style>\t\t\t\t<table style=\"height: 411px;\" width=\"1373\">\n<tbody>\n<tr>\n<td width=\"200px\" ><a href=\"http:\/\/www.udlap.mx\/\" target=\"_blank\" rel=\"noopener\">\n<img decoding=\"async\" width=\"200px\" src=\"\/wp-content\/uploads\/2014\/10\/escudoUDLA.jpg\" \/><\/a><\/td>\n<td width=\"600px\">\n<p align=\"left\">LAFMIA, French-Mexican Laboratory of Informatics and Automatic Control (Puebla, M\u00e9xico).<\/p>\n<\/td>\n<td width=\"200px\" ><a href=\"http:\/\/www.inria.fr\/\" target=\"_blank\" rel=\"noopener\">\n<img decoding=\"async\" loading=\"lazy\" width=\"200px\" src=\"\/wp-content\/uploads\/2014\/10\/inria.gif\" width=\"162\" height=\"66\" \/><\/a><\/td>\n<td width=\"600px\">\n<p align=\"left\">El grupo ATLAS es un equipo de investigaci\u00f3n de INRIA que trabaja en la Universidad de Nantes y est\u00e1 relacionado con el laboratorio de investigaci\u00f3n LINA.<\/p>\n<\/td>\n<\/tr>\n<tr>\n<td width=\"200px\" ><a href=\"http:\/\/www.cnrs.fr\/\" target=\"_blank\" rel=\"noopener\">\n<img decoding=\"async\" loading=\"lazy\" src=\"\/wp-content\/uploads\/2014\/10\/logo-valoria.jpg\" width=\"110\" height=\"36\" \/><\/a><\/td>\n<td width=\"600px\">\n<p align=\"left\">Grupo de investigaci\u00f3n de la Universidad de Breta\u00f1a Sur (Francia) especializado en aspectos formales de arquitecturas software.<\/p>\n<\/td>\n<td width=\"200px\" ><a href=\"http:\/\/www.cnrs.fr\/\" target=\"_blank\" rel=\"noopener\">\n<img decoding=\"async\" loading=\"lazy\" width=\"200px\" src=\"\/wp-content\/uploads\/2014\/10\/cnrs.gif\" width=\"50\" height=\"50\" \/><\/a><\/td>\n<td width=\"600px\">\n<p align=\"left\">El Centro Nacional para la Investigaci\u00f3n Cient\u00edfica (CNRS) es una organizaci\u00f3n financiada por el gobierno bajo la autoridad administrativa del Ministerio de Investigaci\u00f3n de Francia.<\/p>\n<\/td>\n<\/tr>\n<tr>\n<td width=\"200px\" ><a href=\"http:\/\/www.fluidbusiness.org\/\" target=\"_blank\" rel=\"noopener\">\n<img decoding=\"async\" width=\"200px\" src=\"\/wp-content\/uploads\/2014\/10\/fluidbusiness.jpg\" \/><\/a><\/td>\n<td width=\"600px\">\n<p align=\"left\">Grupo de investigaci\u00f3n de la Universidad de Brunel (Reino Unido) especializado en sistemas de informaci\u00f3n.<\/p>\n<\/td>\n<td width=\"200px\" ><a href=\"http:\/\/www.frre.utn.edu.ar\/\" target=\"_blank\" rel=\"noopener\">\n<img decoding=\"async\" width=\"200px\" src=\"\/wp-content\/uploads\/2014\/10\/logo-utn.gif\" \/><\/a><\/td>\n<td width=\"600px\">\n<p align=\"left\">Departamento de Ingenier\u00eda de Sistemas de Informaci\u00f3n en la Facultad Regional de Resistencia de la Universidad Tecnol\u00f3gica Nacional (Argentina).<\/p>\n<\/td>\n<\/tr>\n<tr>\n<td width=\"200px\" ><a href=\"http:\/\/is.ewi.utwente.nl\/index.html\" target=\"_blank\" rel=\"noopener\">\n<img decoding=\"async\" width=\"200px\" src=\"\/wp-content\/uploads\/2014\/10\/twente_logo.gif\" \/><\/a><\/td>\n<td width=\"600px\">\n<p align=\"left\">El Information Systems Group est\u00e1 especializado en ingenier\u00eda de requisitos en la Universidad de Twentee (Pa\u00edses Bajos).<\/p>\n<\/td>\n<td width=\"200px\" ><a href=\"http:\/\/hadas.imag.fr\/index.html\" target=\"_blank\" rel=\"noopener\">\n<img decoding=\"async\" width=\"200px\" src=\"\/wp-content\/uploads\/2015\/04\/medium_lig.png1.jpg\" \/><\/a><\/td>\n<td width=\"600px\">\n<p align=\"left\">HADAS group of the Informatics Laboratory of Grenoble (France).<\/p>\n<\/td>\n<\/tr>\n<\/tbody>\n<\/table>\t\t\t\t\t\t<\/div>\n\t\t\t\t<\/div>\n\t\t\t\t<div class=\"elementor-element elementor-element-c150bde elementor-widget elementor-widget-heading\" data-id=\"c150bde\" data-element_type=\"widget\" data-widget_type=\"heading.default\">\n\t\t\t\t<div class=\"elementor-widget-container\">\n\t\t\t<h2 class=\"elementor-heading-title elementor-size-default\">GRUPOS <Strong>NACIONALES<\/strong><\/h2>\t\t<\/div>\n\t\t\t\t<\/div>\n\t\t\t\t<div class=\"elementor-element elementor-element-8f787e9 elementor-widget elementor-widget-text-editor\" data-id=\"8f787e9\" data-element_type=\"widget\" data-widget_type=\"text-editor.default\">\n\t\t\t\t<div class=\"elementor-widget-container\">\n\t\t\t\t\t\t\t<table style=\"height: 411px;\" width=\"1373\">\n<tbody>\n<tr>\n<td width=\"200px\"><a href=\"http:\/\/alarcos.inf-cr.uclm.es\/\" target=\"_blank\" rel=\"noopener\"><img decoding=\"async\" loading=\"lazy\"  src=\"http:\/\/kybele.ingenieriadeservicios.es\/wp-content\/uploads\/2023\/07\/alarcos.gif\" alt=\"\" width=\"200\" height=\"50\" \/>\n<\/a><\/td>\n<td width=\"600px\">\n<p align=\"left\">Grupo de investigaci\u00f3n de la Universidad de Castilla \u2013 La Mancha (UCLM) especializado en aspectos de calidad dentro de la Ingenier\u00eda del Software.<\/p>\n<\/td>\n<td width=\"200px\"><a href=\"http:\/\/www.lcc.uma.es\/\" target=\"_blank\" rel=\"noopener\">\n<img decoding=\"async\" loading=\"lazy\"  style=\"float: left; margin-right: 10px;\" width=\"200px\" left; margin-right: 10px;\" src=\"\/wp-content\/uploads\/2014\/10\/lcc.gif\" alt=\"\" width=\"60\" height=\"100\" \/><\/a><\/td>\n<td width=\"600px\">\n<p align=\"left\">Grupo de investigaci\u00f3n de la Universidad de M\u00e1laga especializado en m\u00e9todos y tecnolog\u00edas para el desarrollo de Software.<\/p>\n<\/td>\n<\/tr>\n<tr>\n<td width=\"200px\"><a href=\"http:\/\/grise.ls.fi.upm.es\/\" target=\"_blank\" rel=\"noopener\">\n<img decoding=\"async\" loading=\"lazy\"  style=\"float: left; margin-right: 10px;\" width=\"200px\" left; margin-right: 10px;\" src=\"\/wp-content\/uploads\/2014\/10\/grise.gif\" alt=\"\" width=\"200px\" height=\"50\" \/><\/a><\/td>\n<td width=\"600px\">\n<p align=\"left\">Grupo de investigaci\u00f3n de la Universidad Polit\u00e9cnica de Madrid (UPM) especializado en Ingenier\u00eda del Software emp\u00edrica.<\/p>\n<\/td>\n<td width=\"200px\"><a href=\"http:\/\/www.gidhe.es\/\" target=\"_blank\" rel=\"noopener\">\n<img decoding=\"async\"  style=\"float: left; margin-right: 10px;\" width=\"200px\" left; margin-right: 10px;\" src=\"\/wp-content\/uploads\/2015\/04\/disco_128.jpg\" alt=\"\" \/><\/a><\/td>\n<td width=\"600px\">\n<p align=\"left\">Grupo GIDHE de Integraci\u00f3n de sistemas Distribuidos y HEterog\u00e9neos de la Universidad de Zaragoza.<\/p>\n<\/td>\n<\/tr>\n<tr>\n<td width=\"200px\"><a href=\"http:\/\/lbd.udc.es\/\" target=\"_blank\" rel=\"noopener\">\n<img decoding=\"async\"  style=\"float: left; margin-right: 10px;\" width=\"200px\" left; margin-right: 10px;\" src=\"\/wp-content\/uploads\/2015\/04\/lbd_128.jpg\" alt=\"\" \/><\/a><\/td>\n<td width=\"600px\">\n<p align=\"left\">Laboratorio de Bases de Datos de la Universidad de A Coru\u00f1a.<\/p>\n<\/td>\n<td width=\"200px\"><a href=\"http:\/\/antares.sip.ucm.es\/testing\/\" target=\"_blank\" rel=\"noopener\">\n<img decoding=\"async\"  style=\"float: left; margin-right: 10px;\" width=\"200px\" left; margin-right: 10px;\" src=\"\/wp-content\/uploads\/2015\/04\/ter_128.jpg\" alt=\"\" \/><\/a><\/td>\n<td width=\"600px\">\n<p align=\"left\">Grupo de investigaci\u00f3n TER (Testing and Performance Evaluation) dedicado al estudio de m\u00e9todos formales en el proceso del testing y al an\u00e1lisis y evaluaci\u00f3n del rendimiento de sistemas inform\u00e1ticos.<\/p>\n<\/td>\n<\/tr>\n<tr>\n<td width=\"200px\"><a href=\"http:\/\/www.miso.es\/\" target=\"_blank\" rel=\"noopener\">\n<img decoding=\"async\"  style=\"float: left; margin-right: 10px;\" width=\"200px\" left; margin-right: 10px;\" src=\"\/wp-content\/uploads\/2015\/04\/miso_128.jpg\" alt=\"\" \/><\/a><\/td>\n<td width=\"600px\">\n<p align=\"left\">Grupo MISO. Modelling &amp; Software Engineering research group de la Universidad Aut\u00f3noma de Madrid.<\/p>\n<\/td>\n<td width=\"200px\"><a href=\"http:\/\/costa.ls.fi.upm.es\/web\/\" target=\"_blank\" rel=\"noopener\">\n<img decoding=\"async\"  style=\"float: left; margin-right: 10px;\" width=\"200px\" left; margin-right: 10px;\" src=\"\/wp-content\/uploads\/2015\/04\/costa_128.jpg\" alt=\"\" \/><\/a><\/td>\n<td width=\"600px\">\n<p align=\"left\">Grupo Costa de la Universidad Complutense de Madrid. The research group COSTA devises formal techniques and models for optimizing, verifying and understanding programs, and develops related implementation technology.<\/p>\n<\/td>\n<\/tr>\n<\/tbody>\n<\/table>\t\t\t\t\t\t<\/div>\n\t\t\t\t<\/div>\n\t\t\t\t\t<\/div>\n\t\t\t\t<\/div>\n\t\t\t\t\t\t\t<\/div>\n\t\t","protected":false},"excerpt":{"rendered":"<p>GRUPOS DE INVESTIGACION GRUPOS INTERNACIONALES LAFMIA, French-Mexican Laboratory of Informatics and Automatic Control (Puebla, M\u00e9xico). El grupo ATLAS es un equipo de investigaci\u00f3n de INRIA que trabaja en la Universidad de Nantes y est\u00e1 relacionado con el laboratorio de investigaci\u00f3n LINA. Grupo de investigaci\u00f3n de la Universidad de Breta\u00f1a Sur (Francia) especializado en aspectos formales &hellip;<\/p>\n<p class=\"read-more\"> <a class=\"\" href=\"https:\/\/kybele.ingenieriadeservicios.es\/index.php\/grupos-de-investigacion\/\"> <span class=\"screen-reader-text\">GRUPOS DE INVESTIGACI\u00d3N<\/span> Leer m\u00e1s &raquo;<\/a><\/p>\n","protected":false},"author":1,"featured_media":0,"parent":0,"menu_order":0,"comment_status":"closed","ping_status":"closed","template":"","meta":{"_eb_attr":"","site-sidebar-layout":"no-sidebar","site-content-layout":"page-builder","ast-global-header-display":"","ast-main-header-display":"","ast-hfb-above-header-display":"","ast-hfb-below-header-display":"","ast-hfb-mobile-header-display":"","site-post-title":"disabled","ast-breadcrumbs-content":"","ast-featured-img":"disabled","footer-sml-layout":"","theme-transparent-header-meta":"","adv-header-id-meta":"","stick-header-meta":"","header-above-stick-meta":"","header-main-stick-meta":"","header-below-stick-meta":""},"_links":{"self":[{"href":"https:\/\/kybele.ingenieriadeservicios.es\/index.php\/wp-json\/wp\/v2\/pages\/2985"}],"collection":[{"href":"https:\/\/kybele.ingenieriadeservicios.es\/index.php\/wp-json\/wp\/v2\/pages"}],"about":[{"href":"https:\/\/kybele.ingenieriadeservicios.es\/index.php\/wp-json\/wp\/v2\/types\/page"}],"author":[{"embeddable":true,"href":"https:\/\/kybele.ingenieriadeservicios.es\/index.php\/wp-json\/wp\/v2\/users\/1"}],"replies":[{"embeddable":true,"href":"https:\/\/kybele.ingenieriadeservicios.es\/index.php\/wp-json\/wp\/v2\/comments?post=2985"}],"version-history":[{"count":43,"href":"https:\/\/kybele.ingenieriadeservicios.es\/index.php\/wp-json\/wp\/v2\/pages\/2985\/revisions"}],"predecessor-version":[{"id":3729,"href":"https:\/\/kybele.ingenieriadeservicios.es\/index.php\/wp-json\/wp\/v2\/pages\/2985\/revisions\/3729"}],"wp:attachment":[{"href":"https:\/\/kybele.ingenieriadeservicios.es\/index.php\/wp-json\/wp\/v2\/media?parent=2985"}],"curies":[{"name":"wp","href":"https:\/\/api.w.org\/{rel}","templated":true}]}}