{"id":2977,"date":"2023-07-06T15:03:58","date_gmt":"2023-07-06T13:03:58","guid":{"rendered":"https:\/\/kybele.ingenieriadeservicios.es\/?page_id=2977"},"modified":"2023-07-10T12:23:49","modified_gmt":"2023-07-10T10:23:49","slug":"empresas-y-asociaciones","status":"publish","type":"page","link":"https:\/\/kybele.ingenieriadeservicios.es\/index.php\/empresas-y-asociaciones\/","title":{"rendered":"EMPRESAS Y ASOCIACIONES"},"content":{"rendered":"\t\t<div data-elementor-type=\"wp-page\" data-elementor-id=\"2977\" class=\"elementor elementor-2977\">\n\t\t\t\t\t\t\t<div class=\"elementor-element elementor-element-6fb24d3 e-con-boxed e-flex e-con\" data-id=\"6fb24d3\" data-element_type=\"container\" data-settings=\"{&quot;background_background&quot;:&quot;classic&quot;,&quot;content_width&quot;:&quot;boxed&quot;}\">\n\t\t\t\t\t<div class=\"e-con-inner\">\n\t\t<div class=\"elementor-element elementor-element-937225a e-con-full e-flex e-con\" data-id=\"937225a\" data-element_type=\"container\" data-settings=\"{&quot;content_width&quot;:&quot;full&quot;}\">\n\t\t\t\t<div class=\"elementor-element elementor-element-e93f7a2 elementor-hidden-mobile elementor-widget elementor-widget-image\" data-id=\"e93f7a2\" data-element_type=\"widget\" data-widget_type=\"image.default\">\n\t\t\t\t<div class=\"elementor-widget-container\">\n\t\t\t<style>\/*! elementor - v3.13.3 - 28-05-2023 *\/\n.elementor-widget-image{text-align:center}.elementor-widget-image a{display:inline-block}.elementor-widget-image a img[src$=\".svg\"]{width:48px}.elementor-widget-image img{vertical-align:middle;display:inline-block}<\/style>\t\t\t\t\t\t\t\t\t\t\t\t<img decoding=\"async\" width=\"996\" height=\"664\" src=\"https:\/\/kybele.ingenieriadeservicios.es\/wp-content\/uploads\/2023\/07\/arriba-arriba-vista-angulo-alto-recortada-socios-exitosos-estudiante-sentarse-mesa-escritorio-tener-.jpg\" class=\"attachment-2048x2048 size-2048x2048 wp-image-3011\" alt=\"\" loading=\"lazy\" srcset=\"https:\/\/kybele.ingenieriadeservicios.es\/wp-content\/uploads\/2023\/07\/arriba-arriba-vista-angulo-alto-recortada-socios-exitosos-estudiante-sentarse-mesa-escritorio-tener-.jpg 996w, https:\/\/kybele.ingenieriadeservicios.es\/wp-content\/uploads\/2023\/07\/arriba-arriba-vista-angulo-alto-recortada-socios-exitosos-estudiante-sentarse-mesa-escritorio-tener--300x200.jpg 300w, https:\/\/kybele.ingenieriadeservicios.es\/wp-content\/uploads\/2023\/07\/arriba-arriba-vista-angulo-alto-recortada-socios-exitosos-estudiante-sentarse-mesa-escritorio-tener--768x512.jpg 768w\" sizes=\"(max-width: 996px) 100vw, 996px\" \/>\t\t\t\t\t\t\t\t\t\t\t\t\t\t\t<\/div>\n\t\t\t\t<\/div>\n\t\t\t\t<\/div>\n\t\t<div class=\"elementor-element elementor-element-ceaff36 e-con-full e-flex e-con\" data-id=\"ceaff36\" data-element_type=\"container\" data-settings=\"{&quot;content_width&quot;:&quot;full&quot;}\">\n\t\t\t\t<div class=\"elementor-element elementor-element-f3d0f7a elementor-hidden-mobile elementor-widget elementor-widget-heading\" data-id=\"f3d0f7a\" data-element_type=\"widget\" data-widget_type=\"heading.default\">\n\t\t\t\t<div class=\"elementor-widget-container\">\n\t\t\t<style>\/*! elementor - v3.13.3 - 28-05-2023 *\/\n.elementor-heading-title{padding:0;margin:0;line-height:1}.elementor-widget-heading .elementor-heading-title[class*=elementor-size-]>a{color:inherit;font-size:inherit;line-height:inherit}.elementor-widget-heading .elementor-heading-title.elementor-size-small{font-size:15px}.elementor-widget-heading .elementor-heading-title.elementor-size-medium{font-size:19px}.elementor-widget-heading .elementor-heading-title.elementor-size-large{font-size:29px}.elementor-widget-heading .elementor-heading-title.elementor-size-xl{font-size:39px}.elementor-widget-heading .elementor-heading-title.elementor-size-xxl{font-size:59px}<\/style><h2 class=\"elementor-heading-title elementor-size-default\"><strong>Empresas<\/strong> Y ASOCIACIONES<\/h2>\t\t<\/div>\n\t\t\t\t<\/div>\n\t\t\t\t<\/div>\n\t\t\t\t\t<\/div>\n\t\t\t\t<\/div>\n\t\t<div class=\"elementor-element elementor-element-58a49df e-con-boxed e-flex e-con\" data-id=\"58a49df\" data-element_type=\"container\" data-settings=\"{&quot;content_width&quot;:&quot;boxed&quot;}\">\n\t\t\t\t\t<div class=\"e-con-inner\">\n\t\t\t\t<div class=\"elementor-element elementor-element-8f787e9 elementor-widget elementor-widget-text-editor\" data-id=\"8f787e9\" data-element_type=\"widget\" data-widget_type=\"text-editor.default\">\n\t\t\t\t<div class=\"elementor-widget-container\">\n\t\t\t<style>\/*! elementor - v3.13.3 - 28-05-2023 *\/\n.elementor-widget-text-editor.elementor-drop-cap-view-stacked .elementor-drop-cap{background-color:#69727d;color:#fff}.elementor-widget-text-editor.elementor-drop-cap-view-framed .elementor-drop-cap{color:#69727d;border:3px solid;background-color:transparent}.elementor-widget-text-editor:not(.elementor-drop-cap-view-default) .elementor-drop-cap{margin-top:8px}.elementor-widget-text-editor:not(.elementor-drop-cap-view-default) .elementor-drop-cap-letter{width:1em;height:1em}.elementor-widget-text-editor .elementor-drop-cap{float:left;text-align:center;line-height:1;font-size:50px}.elementor-widget-text-editor .elementor-drop-cap-letter{display:inline-block}<\/style>\t\t\t\t<div style=\"width: 100%; text-align: center;\"><h1 class=\"subrayado\">\u00a0<\/h1><\/div><table><tbody><tr><td style=\"width: 10%;\"><a href=\"http:\/\/www.ibm.com\/\" target=\"_blank\" rel=\"noopener\"><img decoding=\"async\" class=\"img128\" src=\"\/wp-content\/uploads\/2015\/04\/ibm_128x128.jpg\" \/><\/a><\/td><td class=\"tdtext\">International Business Machines (IBM) es una empresa multinacional estadounidense de tecnolog\u00eda y consultor\u00eda con sede en Armonk, Nueva York.<\/td><td style=\"width: 10%;\"><a href=\"http:\/\/www.eulen.com\" target=\"_blank\" rel=\"noopener\"><br \/><img decoding=\"async\" class=\"img128\" src=\"\/wp-content\/uploads\/2015\/04\/eulen_128x128.jpg\" \/><\/a><\/td><td class=\"tdtext\">El Grupo EULEN, empresa familiar con capital 100% espa\u00f1ol, es l\u00edder nacional en la prestaci\u00f3n de servicios generales a empresas..<\/td><\/tr><tr><td class=\"tdimg\"><a href=\"http:\/\/www.meliahotelsinternational.com\" target=\"_blank\" rel=\"noopener\"><br \/><img decoding=\"async\" class=\"img128\" src=\"\/wp-content\/uploads\/2015\/04\/melia_128x128.jpg\" \/><\/a><\/td><td class=\"tdtext\">Meli\u00e1 Hotels International ofrece experiencias y servicios globales de alojamiento con criterios de excelencia, responsabilidad y sostenibilidad.<\/td><td class=\"tdimg\"><a href=\"http:\/\/www.tid.es\/\" target=\"_blank\" rel=\"noopener\"><br \/><img decoding=\"async\" loading=\"lazy\" class=\"img128\" src=\"\/wp-content\/uploads\/2015\/04\/telefonica_128x128.jpg\" width=\"107\" height=\"107\" \/><\/a><\/td><td class=\"tdtext\">Constituye el primer centro privado de I+D de Espa\u00f1a, con participaci\u00f3n en proyectos europeos de investigaci\u00f3n, en el sector de las TIC.<\/td><\/tr><tr><td class=\"tdimg\"><a href=\"https:\/\/www.tilburguniversity.edu\/research\/institutes-and-research-groups\/eriss\/\" target=\"_blank\" rel=\"noopener\"><br \/><img decoding=\"async\" class=\"img128\" src=\"\/wp-content\/uploads\/2015\/04\/eriss_128x128.jpg\" \/><\/a><\/td><td class=\"tdtext\"><p align=\"left\">The European Research Institute in Service Science boasts a multi-disciplinary, internationally renowned innovative research and development team that operates all across Europe.<\/p><\/td><td class=\"tdimg\"><a href=\"http:\/\/www.boeing.es\/Redirect.do?Keyword=CEIT\" target=\"_blank\" rel=\"noopener\"><br \/><img decoding=\"async\" class=\"img128\" src=\"\/wp-content\/uploads\/2015\/04\/boeing_128x128.jpg\" \/><\/a><\/td><td class=\"tdtext\">Boeing Research &amp; Technology Europe, S.L, tiene como objetivo convertirse en centro de excelencia en tecnolog\u00edas de vanguardia sobre medioambiente, seguridad y control del tr\u00e1fico a\u00e9reo.<\/td><\/tr><tr><td class=\"tdimg\"><a href=\"http:\/\/www.opencanarias.com\/\" target=\"_blank\" rel=\"noopener\"><br \/><img decoding=\"async\" class=\"img128\" src=\"\/wp-content\/uploads\/2015\/04\/open_128x128.jpg\" \/> <\/a><\/td><td class=\"tdtext\">Empresa de desarrollo de software especializada en nuevas tecnolog\u00edas: Eclipse, MDA, etc.<\/td><td class=\"tdimg\"><a href=\"http:\/\/www.kybeleconsulting.com\/\" target=\"_blank\" rel=\"noopener\"><br \/><img decoding=\"async\" class=\"img128\" src=\"\/wp-content\/uploads\/2015\/04\/kybele_128x128.jpg\" \/><\/a><\/td><td class=\"tdtext\">Spin-off del grupo de investigaci\u00f3n Kybele especializado en factor\u00edas software, gesti\u00f3n de las TIC y calidad de los sistemas software.<\/td><\/tr><tr><td class=\"tdimg\"><a href=\"http:\/\/www.issip.org\/\" target=\"_blank\" rel=\"noopener\"><br \/><img decoding=\"async\" class=\"img128\" src=\"\/wp-content\/uploads\/2015\/04\/issip_128x128.jpg\" \/><\/a><\/td><td class=\"tdtext\"><p align=\"left\">The International Society of Service Innovation Professionals (ISSIP) is a professional association co-founded by IBM, Cisco, HP and several Universities with a mission to promote Service Innovation for our interconnected world.<\/p><\/td><td class=\"tdimg\"><a href=\"http:\/\/www.thesrii.org\/\" target=\"_blank\" rel=\"noopener\"><br \/><img decoding=\"async\" class=\"img128\" src=\"\/wp-content\/uploads\/2015\/04\/srii_128x128.jpg\" \/><\/a><\/td><td class=\"tdtext\"><p align=\"left\">SRII is led by senior leaders from major IT companies like Google, Amazon, Apple, Facebook, Intel, Citrix, Microsoft, IBM, HP, Infosys, TCS, eBay\/PayPal, Accenture, etc., in close partnership with academia, research institutes, as well as government organizations from around the world.<\/p><\/td><td class=\"tdimg\">\u00a0<\/td><td class=\"tdtext\">\u00a0<\/td><\/tr><\/tbody><\/table>\t\t\t\t\t\t<\/div>\n\t\t\t\t<\/div>\n\t\t\t\t\t<\/div>\n\t\t\t\t<\/div>\n\t\t\t\t\t\t\t<\/div>\n\t\t","protected":false},"excerpt":{"rendered":"<p>Empresas Y ASOCIACIONES \u00a0 International Business Machines (IBM) es una empresa multinacional estadounidense de tecnolog\u00eda y consultor\u00eda con sede en Armonk, Nueva York. El Grupo EULEN, empresa familiar con capital 100% espa\u00f1ol, es l\u00edder nacional en la prestaci\u00f3n de servicios generales a empresas.. Meli\u00e1 Hotels International ofrece experiencias y servicios globales de alojamiento con criterios &hellip;<\/p>\n<p class=\"read-more\"> <a class=\"\" href=\"https:\/\/kybele.ingenieriadeservicios.es\/index.php\/empresas-y-asociaciones\/\"> <span class=\"screen-reader-text\">EMPRESAS Y ASOCIACIONES<\/span> Leer m\u00e1s &raquo;<\/a><\/p>\n","protected":false},"author":1,"featured_media":0,"parent":0,"menu_order":0,"comment_status":"closed","ping_status":"closed","template":"","meta":{"_eb_attr":"","site-sidebar-layout":"no-sidebar","site-content-layout":"page-builder","ast-global-header-display":"","ast-main-header-display":"","ast-hfb-above-header-display":"","ast-hfb-below-header-display":"","ast-hfb-mobile-header-display":"","site-post-title":"disabled","ast-breadcrumbs-content":"","ast-featured-img":"disabled","footer-sml-layout":"","theme-transparent-header-meta":"","adv-header-id-meta":"","stick-header-meta":"","header-above-stick-meta":"","header-main-stick-meta":"","header-below-stick-meta":""},"_links":{"self":[{"href":"https:\/\/kybele.ingenieriadeservicios.es\/index.php\/wp-json\/wp\/v2\/pages\/2977"}],"collection":[{"href":"https:\/\/kybele.ingenieriadeservicios.es\/index.php\/wp-json\/wp\/v2\/pages"}],"about":[{"href":"https:\/\/kybele.ingenieriadeservicios.es\/index.php\/wp-json\/wp\/v2\/types\/page"}],"author":[{"embeddable":true,"href":"https:\/\/kybele.ingenieriadeservicios.es\/index.php\/wp-json\/wp\/v2\/users\/1"}],"replies":[{"embeddable":true,"href":"https:\/\/kybele.ingenieriadeservicios.es\/index.php\/wp-json\/wp\/v2\/comments?post=2977"}],"version-history":[{"count":10,"href":"https:\/\/kybele.ingenieriadeservicios.es\/index.php\/wp-json\/wp\/v2\/pages\/2977\/revisions"}],"predecessor-version":[{"id":3165,"href":"https:\/\/kybele.ingenieriadeservicios.es\/index.php\/wp-json\/wp\/v2\/pages\/2977\/revisions\/3165"}],"wp:attachment":[{"href":"https:\/\/kybele.ingenieriadeservicios.es\/index.php\/wp-json\/wp\/v2\/media?parent=2977"}],"curies":[{"name":"wp","href":"https:\/\/api.w.org\/{rel}","templated":true}]}}