{"id":2947,"date":"2023-07-06T14:13:09","date_gmt":"2023-07-06T12:13:09","guid":{"rendered":"https:\/\/kybele.ingenieriadeservicios.es\/?page_id=2947"},"modified":"2023-07-10T12:23:12","modified_gmt":"2023-07-10T10:23:12","slug":"herramientas","status":"publish","type":"page","link":"https:\/\/kybele.ingenieriadeservicios.es\/index.php\/herramientas\/","title":{"rendered":"Herramientas"},"content":{"rendered":"\t\t<div data-elementor-type=\"wp-page\" data-elementor-id=\"2947\" class=\"elementor elementor-2947\">\n\t\t\t\t\t\t\t<div class=\"elementor-element elementor-element-6fb24d3 e-con-boxed e-flex e-con\" data-id=\"6fb24d3\" data-element_type=\"container\" data-settings=\"{&quot;background_background&quot;:&quot;classic&quot;,&quot;content_width&quot;:&quot;boxed&quot;}\">\n\t\t\t\t\t<div class=\"e-con-inner\">\n\t\t<div class=\"elementor-element elementor-element-937225a e-con-full e-flex e-con\" data-id=\"937225a\" data-element_type=\"container\" data-settings=\"{&quot;content_width&quot;:&quot;full&quot;}\">\n\t\t\t\t<div class=\"elementor-element elementor-element-e93f7a2 elementor-hidden-mobile elementor-widget elementor-widget-image\" data-id=\"e93f7a2\" data-element_type=\"widget\" data-widget_type=\"image.default\">\n\t\t\t\t<div class=\"elementor-widget-container\">\n\t\t\t<style>\/*! elementor - v3.13.3 - 28-05-2023 *\/\n.elementor-widget-image{text-align:center}.elementor-widget-image a{display:inline-block}.elementor-widget-image a img[src$=\".svg\"]{width:48px}.elementor-widget-image img{vertical-align:middle;display:inline-block}<\/style>\t\t\t\t\t\t\t\t\t\t\t\t<img decoding=\"async\" width=\"2048\" height=\"1367\" src=\"https:\/\/kybele.ingenieriadeservicios.es\/wp-content\/uploads\/2023\/07\/herramientas2-2048x1367.jpg\" class=\"attachment-2048x2048 size-2048x2048 wp-image-2963\" alt=\"\" loading=\"lazy\" srcset=\"https:\/\/kybele.ingenieriadeservicios.es\/wp-content\/uploads\/2023\/07\/herramientas2-2048x1367.jpg 2048w, https:\/\/kybele.ingenieriadeservicios.es\/wp-content\/uploads\/2023\/07\/herramientas2-300x200.jpg 300w, https:\/\/kybele.ingenieriadeservicios.es\/wp-content\/uploads\/2023\/07\/herramientas2-1024x683.jpg 1024w, https:\/\/kybele.ingenieriadeservicios.es\/wp-content\/uploads\/2023\/07\/herramientas2-768x513.jpg 768w, https:\/\/kybele.ingenieriadeservicios.es\/wp-content\/uploads\/2023\/07\/herramientas2-1536x1025.jpg 1536w\" sizes=\"(max-width: 2048px) 100vw, 2048px\" \/>\t\t\t\t\t\t\t\t\t\t\t\t\t\t\t<\/div>\n\t\t\t\t<\/div>\n\t\t\t\t<\/div>\n\t\t<div class=\"elementor-element elementor-element-ceaff36 e-con-full e-flex e-con\" data-id=\"ceaff36\" data-element_type=\"container\" data-settings=\"{&quot;content_width&quot;:&quot;full&quot;}\">\n\t\t\t\t<div class=\"elementor-element elementor-element-f3d0f7a elementor-hidden-mobile elementor-widget elementor-widget-heading\" data-id=\"f3d0f7a\" data-element_type=\"widget\" data-widget_type=\"heading.default\">\n\t\t\t\t<div class=\"elementor-widget-container\">\n\t\t\t<style>\/*! elementor - v3.13.3 - 28-05-2023 *\/\n.elementor-heading-title{padding:0;margin:0;line-height:1}.elementor-widget-heading .elementor-heading-title[class*=elementor-size-]>a{color:inherit;font-size:inherit;line-height:inherit}.elementor-widget-heading .elementor-heading-title.elementor-size-small{font-size:15px}.elementor-widget-heading .elementor-heading-title.elementor-size-medium{font-size:19px}.elementor-widget-heading .elementor-heading-title.elementor-size-large{font-size:29px}.elementor-widget-heading .elementor-heading-title.elementor-size-xl{font-size:39px}.elementor-widget-heading .elementor-heading-title.elementor-size-xxl{font-size:59px}<\/style><h2 class=\"elementor-heading-title elementor-size-default\"><strong>Herramientas<\/strong> SOFTWARE<\/h2>\t\t<\/div>\n\t\t\t\t<\/div>\n\t\t\t\t<\/div>\n\t\t\t\t\t<\/div>\n\t\t\t\t<\/div>\n\t\t<div class=\"elementor-element elementor-element-58a49df e-con-boxed e-flex e-con\" data-id=\"58a49df\" data-element_type=\"container\" data-settings=\"{&quot;content_width&quot;:&quot;boxed&quot;}\">\n\t\t\t\t\t<div class=\"e-con-inner\">\n\t\t\t\t<div class=\"elementor-element elementor-element-8f787e9 elementor-widget elementor-widget-text-editor\" data-id=\"8f787e9\" data-element_type=\"widget\" data-widget_type=\"text-editor.default\">\n\t\t\t\t<div class=\"elementor-widget-container\">\n\t\t\t<style>\/*! elementor - v3.13.3 - 28-05-2023 *\/\n.elementor-widget-text-editor.elementor-drop-cap-view-stacked .elementor-drop-cap{background-color:#69727d;color:#fff}.elementor-widget-text-editor.elementor-drop-cap-view-framed .elementor-drop-cap{color:#69727d;border:3px solid;background-color:transparent}.elementor-widget-text-editor:not(.elementor-drop-cap-view-default) .elementor-drop-cap{margin-top:8px}.elementor-widget-text-editor:not(.elementor-drop-cap-view-default) .elementor-drop-cap-letter{width:1em;height:1em}.elementor-widget-text-editor .elementor-drop-cap{float:left;text-align:center;line-height:1;font-size:50px}.elementor-widget-text-editor .elementor-drop-cap-letter{display:inline-block}<\/style>\t\t\t\t<table style=\"border-collapse: collapse; border: none;\">\n<tbody>\n<tr>\n<td style=\"vertical-align: middle; text-align: center; border-collapse: collapse; border: none;\"><img decoding=\"async\" loading=\"lazy\" class=\"alignnone wp-image-2950 size-thumbnail\" src=\"http:\/\/kybele.ingenieriadeservicios.es\/wp-content\/uploads\/2023\/07\/logo-archiemedes-tool-150x150.png\" alt=\"\" width=\"150\" height=\"150\" srcset=\"https:\/\/kybele.ingenieriadeservicios.es\/wp-content\/uploads\/2023\/07\/logo-archiemedes-tool-150x150.png 150w, https:\/\/kybele.ingenieriadeservicios.es\/wp-content\/uploads\/2023\/07\/logo-archiemedes-tool-300x300.png 300w, https:\/\/kybele.ingenieriadeservicios.es\/wp-content\/uploads\/2023\/07\/logo-archiemedes-tool.png 547w\" sizes=\"(max-width: 150px) 100vw, 150px\" \/>\n<\/td>\n<td style=\"text-align: left;border-collapse: collapse; border: none;\"><strong>ArchiMeDeS<\/strong>\nA Service-Oriented Framework for Model-Driven Development of Software Architectures\n<a href=\"https:\/\/archimedeskybele.wordpress.com\/about\/\" target=\"_blank\" rel=\"noopener\"><b>Access to ArchiMeDeS Web Site<\/b><\/a><\/td>\n<\/tr>\n<tr>\n<td style=\"vertical-align: middle; text-align: center;border-collapse: collapse; border: none;\"><img decoding=\"async\" loading=\"lazy\" class=\"alignnone wp-image-2958\" src=\"http:\/\/kybele.ingenieriadeservicios.es\/wp-content\/uploads\/2023\/07\/CEViNEdit_128x128.png\" alt=\"\" width=\"150\" height=\"150\" \/><img decoding=\"async\" src=\"http:\/\/www.kybele.es\/es\/wp-content\/uploads\/2015\/04\/CEViNEdit_128x128.png\" alt=\"\" width=\"100\" \/><\/td>\n<td style=\"text-align: left;border-collapse: collapse; border: none;\"><strong>CEViNEdit<\/strong>\nEnabling Cognitive Effectiveness in the Visual Notation of Graphic Editors\n<a href=\"http:\/\/www.kybele.es\/cevinedit\/\" target=\"_blank\" rel=\"noopener\"><b>Access to CEViNEdit Web Site<\/b><\/a><\/td>\n<\/tr>\n<tr>\n<td style=\"vertical-align: middle; text-align: center;border-collapse: collapse; border: none;\"><img decoding=\"async\" loading=\"lazy\" class=\"alignnone wp-image-2960 size-thumbnail\" src=\"http:\/\/kybele.ingenieriadeservicios.es\/wp-content\/uploads\/2023\/07\/kybdele2-150x150.png\" alt=\"\" width=\"150\" height=\"150\" srcset=\"https:\/\/kybele.ingenieriadeservicios.es\/wp-content\/uploads\/2023\/07\/kybdele2-150x150.png 150w, https:\/\/kybele.ingenieriadeservicios.es\/wp-content\/uploads\/2023\/07\/kybdele2.png 229w\" sizes=\"(max-width: 150px) 100vw, 150px\" \/><\/td>\n<td style=\"text-align: left;border-collapse: collapse; border: none;\"><strong>KyBDele<\/strong>\nAn EMF-based diagrammer for E\/R models\n<a href=\"http:\/\/www.kybele.es\/kybdele\/\" target=\"_blank\" rel=\"noopener\"><b>Access to Kybdele Web Site<\/b><\/a><\/td>\n<\/tr>\n<tr>\n<td style=\"vertical-align: middle; text-align: center;border-collapse: collapse; border: none;\"><img decoding=\"async\" loading=\"lazy\" class=\"alignnone wp-image-2959 size-thumbnail\" src=\"http:\/\/kybele.ingenieriadeservicios.es\/wp-content\/uploads\/2023\/07\/iTrace-logo2-150x150.png\" alt=\"\" width=\"150\" height=\"150\" srcset=\"https:\/\/kybele.ingenieriadeservicios.es\/wp-content\/uploads\/2023\/07\/iTrace-logo2-150x150.png 150w, https:\/\/kybele.ingenieriadeservicios.es\/wp-content\/uploads\/2023\/07\/iTrace-logo2-300x300.png 300w, https:\/\/kybele.ingenieriadeservicios.es\/wp-content\/uploads\/2023\/07\/iTrace-logo2.png 316w\" sizes=\"(max-width: 150px) 100vw, 150px\" \/><\/td>\n<td style=\"text-align: left;border-collapse: collapse; border: none;\"><strong>i-Trace<\/strong>\nUn framework para la gesti\u00f3n y el an\u00e1lisis de informaci\u00f3n de trazabilidad en el contexto de la Ingenier\u00eda Dirigida por Modelos\n<!--<a href=\"http:\/\/www.kybele.es\/kybdele\/\" target=\"_blank\"><b>Access to Kybdele Web Site<\/b><\/a><\/td>\n--><\/td>\n<\/tr>\n<tr>\n<td style=\"vertical-align: middle; text-align: center;border-collapse: collapse; border: none;\"><img decoding=\"async\" loading=\"lazy\" class=\"alignnone wp-image-2955 size-thumbnail\" src=\"http:\/\/kybele.ingenieriadeservicios.es\/wp-content\/uploads\/2023\/07\/MeTAGeMTracelogo-150x150.png\" alt=\"\" width=\"150\" height=\"150\" \/><\/td>\n<td style=\"text-align: left;border-collapse: collapse; border: none;\"><strong>MeTAGeM-Trace<\/strong>\nAn EMF-based framework for model-driven development of model transformations which support for traces generation\n<a href=\"http:\/\/www.kybele.es\/metagem-trace\/\" target=\"_blank\" rel=\"noopener\"><b>Access to MeTAGeM-Trace Web Site<\/b><\/a><\/td>\n<\/tr>\n<tr>\n<td style=\"vertical-align: middle; text-align: center;border-collapse: collapse; border: none;\"><img decoding=\"async\" loading=\"lazy\" class=\"alignnone wp-image-2954\" src=\"http:\/\/kybele.ingenieriadeservicios.es\/wp-content\/uploads\/2023\/07\/MeTAGeM_logo_peq.png\" alt=\"\" width=\"150\" height=\"129\" \/><\/td>\n<td style=\"text-align: left;border-collapse: collapse; border: none;\"><strong>MeTAGeM<\/strong>\nMeta-Tool for the Automatic Generation of Model Transformation. An Environment for the Development of High-level Model Transformations\n<a href=\"http:\/\/www.kybele.es\/metagem-trace\/\" target=\"_blank\" rel=\"noopener\"><b>Access to MeTAGeM Web Site <\/b><\/a><\/td>\n<\/tr>\n<tr>\n<td style=\"vertical-align: middle; text-align: center;border-collapse: collapse; border: none;\"><img decoding=\"async\" loading=\"lazy\" class=\"alignnone wp-image-2961 size-thumbnail\" src=\"http:\/\/kybele.ingenieriadeservicios.es\/wp-content\/uploads\/2023\/07\/SRMod_logo2-150x150.png\" alt=\"\" width=\"150\" height=\"150\" srcset=\"https:\/\/kybele.ingenieriadeservicios.es\/wp-content\/uploads\/2023\/07\/SRMod_logo2-150x150.png 150w, https:\/\/kybele.ingenieriadeservicios.es\/wp-content\/uploads\/2023\/07\/SRMod_logo2.png 229w\" sizes=\"(max-width: 150px) 100vw, 150px\" \/><\/td>\n<td style=\"text-align: left;border-collapse: collapse; border: none;\"><strong>SRMod<\/strong>\nAn EMF-based toolkit to support reasoning on Web Services evolution\n<a href=\"http:\/\/www.kybele.es\/kyb_srmod\/\" target=\"_blank\" rel=\"noopener\"><b>Access to SRMod Web Site<\/b><\/a><\/td>\n<\/tr>\n<tr>\n<td style=\"vertical-align: middle; text-align: center;border-collapse: collapse; border: none;\"><img decoding=\"async\" loading=\"lazy\" class=\"alignnone wp-image-2952\" src=\"http:\/\/kybele.ingenieriadeservicios.es\/wp-content\/uploads\/2023\/07\/kybeleGMFgen_logo_peq.png\" alt=\"\" width=\"150\" height=\"144\" \/><\/td>\n<td style=\"text-align: left;border-collapse: collapse; border: none;\"><strong>Kybele GMF Generator<\/strong>\nA Model-Driven Software Development Tool for generating graphical editors for EMF models\n<a href=\"http:\/\/www.kybele.es\/kyb_kybelegmfgen\/\" target=\"_blank\" rel=\"noopener\"><b>Access to Kybele GMF Generator Web Site<\/b><\/a><\/td>\n<\/tr>\n<tr>\n<td style=\"vertical-align: middle; text-align: center;border-collapse: collapse; border: none;\"><img decoding=\"async\" loading=\"lazy\" class=\"alignnone size-full wp-image-2951\" src=\"http:\/\/kybele.ingenieriadeservicios.es\/wp-content\/uploads\/2023\/07\/m2datdb_logo_peq.png\" alt=\"\" width=\"143\" height=\"144\" \/><\/td>\n<td style=\"text-align: left;border-collapse: collapse; border: none;\"><strong>M2DAT-DB<\/strong>\nMIDAS MDA Tool for Databases. It is a framework for model-driven development of modern DB schemas (SQL2003, Oracle 10g and XMLSchema)\n<a href=\"http:\/\/www.kybele.es\/metagem-trace\/\" target=\"_blank\" rel=\"noopener\"><b>Access to M2DAT-DB Web Site<\/b><\/a><\/td>\n<\/tr>\n<\/tbody>\n<\/table>\t\t\t\t\t\t<\/div>\n\t\t\t\t<\/div>\n\t\t\t\t\t<\/div>\n\t\t\t\t<\/div>\n\t\t\t\t\t\t\t<\/div>\n\t\t","protected":false},"excerpt":{"rendered":"<p>Herramientas SOFTWARE ArchiMeDeS A Service-Oriented Framework for Model-Driven Development of Software Architectures Access to ArchiMeDeS Web Site CEViNEdit Enabling Cognitive Effectiveness in the Visual Notation of Graphic Editors Access to CEViNEdit Web Site KyBDele An EMF-based diagrammer for E\/R models Access to Kybdele Web Site i-Trace Un framework para la gesti\u00f3n y el an\u00e1lisis de &hellip;<\/p>\n<p class=\"read-more\"> <a class=\"\" href=\"https:\/\/kybele.ingenieriadeservicios.es\/index.php\/herramientas\/\"> <span class=\"screen-reader-text\">Herramientas<\/span> Leer m\u00e1s &raquo;<\/a><\/p>\n","protected":false},"author":1,"featured_media":0,"parent":0,"menu_order":0,"comment_status":"closed","ping_status":"closed","template":"","meta":{"_eb_attr":"","site-sidebar-layout":"no-sidebar","site-content-layout":"page-builder","ast-global-header-display":"","ast-main-header-display":"","ast-hfb-above-header-display":"","ast-hfb-below-header-display":"","ast-hfb-mobile-header-display":"","site-post-title":"disabled","ast-breadcrumbs-content":"","ast-featured-img":"disabled","footer-sml-layout":"","theme-transparent-header-meta":"","adv-header-id-meta":"","stick-header-meta":"","header-above-stick-meta":"","header-main-stick-meta":"","header-below-stick-meta":""},"_links":{"self":[{"href":"https:\/\/kybele.ingenieriadeservicios.es\/index.php\/wp-json\/wp\/v2\/pages\/2947"}],"collection":[{"href":"https:\/\/kybele.ingenieriadeservicios.es\/index.php\/wp-json\/wp\/v2\/pages"}],"about":[{"href":"https:\/\/kybele.ingenieriadeservicios.es\/index.php\/wp-json\/wp\/v2\/types\/page"}],"author":[{"embeddable":true,"href":"https:\/\/kybele.ingenieriadeservicios.es\/index.php\/wp-json\/wp\/v2\/users\/1"}],"replies":[{"embeddable":true,"href":"https:\/\/kybele.ingenieriadeservicios.es\/index.php\/wp-json\/wp\/v2\/comments?post=2947"}],"version-history":[{"count":16,"href":"https:\/\/kybele.ingenieriadeservicios.es\/index.php\/wp-json\/wp\/v2\/pages\/2947\/revisions"}],"predecessor-version":[{"id":3162,"href":"https:\/\/kybele.ingenieriadeservicios.es\/index.php\/wp-json\/wp\/v2\/pages\/2947\/revisions\/3162"}],"wp:attachment":[{"href":"https:\/\/kybele.ingenieriadeservicios.es\/index.php\/wp-json\/wp\/v2\/media?parent=2947"}],"curies":[{"name":"wp","href":"https:\/\/api.w.org\/{rel}","templated":true}]}}