{"id":1571,"date":"2023-04-17T10:35:20","date_gmt":"2023-04-17T08:35:20","guid":{"rendered":"https:\/\/kybele.ingenieriadeservicios.es\/?page_id=1571"},"modified":"2023-07-10T12:18:33","modified_gmt":"2023-07-10T10:18:33","slug":"que-es-ingenieria-de-servicios","status":"publish","type":"page","link":"https:\/\/kybele.ingenieriadeservicios.es\/index.php\/que-es-ingenieria-de-servicios\/","title":{"rendered":"\u00bfQu\u00e9 es Ingenier\u00eda de Servicios?"},"content":{"rendered":"\t\t<div data-elementor-type=\"wp-page\" data-elementor-id=\"1571\" class=\"elementor elementor-1571\">\n\t\t\t\t\t\t\t<div class=\"elementor-element elementor-element-3558ca45 e-con-boxed e-flex e-con\" data-id=\"3558ca45\" data-element_type=\"container\" data-settings=\"{&quot;background_background&quot;:&quot;classic&quot;,&quot;content_width&quot;:&quot;boxed&quot;}\" data-e-bg-lazyload=\"\">\n\t\t\t\t\t<div class=\"e-con-inner\">\n\t\t\t\t<div class=\"elementor-element elementor-element-7066926b elementor-widget elementor-widget-heading\" data-id=\"7066926b\" data-element_type=\"widget\" data-widget_type=\"heading.default\">\n\t\t\t\t<div class=\"elementor-widget-container\">\n\t\t\t<style>\/*! elementor - v3.13.3 - 28-05-2023 *\/\n.elementor-heading-title{padding:0;margin:0;line-height:1}.elementor-widget-heading .elementor-heading-title[class*=elementor-size-]>a{color:inherit;font-size:inherit;line-height:inherit}.elementor-widget-heading .elementor-heading-title.elementor-size-small{font-size:15px}.elementor-widget-heading .elementor-heading-title.elementor-size-medium{font-size:19px}.elementor-widget-heading .elementor-heading-title.elementor-size-large{font-size:29px}.elementor-widget-heading .elementor-heading-title.elementor-size-xl{font-size:39px}.elementor-widget-heading .elementor-heading-title.elementor-size-xxl{font-size:59px}<\/style><h2 class=\"elementor-heading-title elementor-size-default\">\u00bf<strong>Qu\u00e9 es<\/strong> la ingenier\u00eda de servicios?<\/h2>\t\t<\/div>\n\t\t\t\t<\/div>\n\t\t\t\t\t<\/div>\n\t\t\t\t<\/div>\n\t\t<div class=\"elementor-element elementor-element-839989f e-con-boxed e-flex e-con\" data-id=\"839989f\" data-element_type=\"container\" data-settings=\"{&quot;content_width&quot;:&quot;boxed&quot;}\">\n\t\t\t\t\t<div class=\"e-con-inner\">\n\t\t<div class=\"elementor-element elementor-element-920acd4 e-con-full e-flex e-con\" data-id=\"920acd4\" data-element_type=\"container\" data-settings=\"{&quot;content_width&quot;:&quot;full&quot;}\">\n\t\t\t\t<div class=\"elementor-element elementor-element-bc30baf elementor-widget elementor-widget-image\" data-id=\"bc30baf\" data-element_type=\"widget\" data-widget_type=\"image.default\">\n\t\t\t\t<div class=\"elementor-widget-container\">\n\t\t\t<style>\/*! elementor - v3.13.3 - 28-05-2023 *\/\n.elementor-widget-image{text-align:center}.elementor-widget-image a{display:inline-block}.elementor-widget-image a img[src$=\".svg\"]{width:48px}.elementor-widget-image img{vertical-align:middle;display:inline-block}<\/style>\t\t\t\t\t\t\t\t\t\t\t\t<img decoding=\"async\" width=\"651\" height=\"448\" src=\"https:\/\/kybele.ingenieriadeservicios.es\/wp-content\/uploads\/2018\/09\/img-ingenieria-de-servicios-1.jpg\" class=\"attachment-medium_large size-medium_large wp-image-190\" alt=\"\u00bfQu\u00e9 es la Ingenier\u00eda de Servicios?\" loading=\"lazy\" srcset=\"https:\/\/kybele.ingenieriadeservicios.es\/wp-content\/uploads\/2018\/09\/img-ingenieria-de-servicios-1.jpg 651w, https:\/\/kybele.ingenieriadeservicios.es\/wp-content\/uploads\/2018\/09\/img-ingenieria-de-servicios-1-300x206.jpg 300w\" sizes=\"(max-width: 651px) 100vw, 651px\" \/>\t\t\t\t\t\t\t\t\t\t\t\t\t\t\t<\/div>\n\t\t\t\t<\/div>\n\t\t\t\t<\/div>\n\t\t<div class=\"elementor-element elementor-element-f2ed4bc e-con-full e-flex e-con\" data-id=\"f2ed4bc\" data-element_type=\"container\" data-settings=\"{&quot;content_width&quot;:&quot;full&quot;,&quot;background_background&quot;:&quot;classic&quot;}\">\n\t\t\t\t<div class=\"elementor-element elementor-element-b9c2175 elementor-hidden-mobile elementor-widget elementor-widget-text-editor\" data-id=\"b9c2175\" data-element_type=\"widget\" data-widget_type=\"text-editor.default\">\n\t\t\t\t<div class=\"elementor-widget-container\">\n\t\t\t<style>\/*! elementor - v3.13.3 - 28-05-2023 *\/\n.elementor-widget-text-editor.elementor-drop-cap-view-stacked .elementor-drop-cap{background-color:#69727d;color:#fff}.elementor-widget-text-editor.elementor-drop-cap-view-framed .elementor-drop-cap{color:#69727d;border:3px solid;background-color:transparent}.elementor-widget-text-editor:not(.elementor-drop-cap-view-default) .elementor-drop-cap{margin-top:8px}.elementor-widget-text-editor:not(.elementor-drop-cap-view-default) .elementor-drop-cap-letter{width:1em;height:1em}.elementor-widget-text-editor .elementor-drop-cap{float:left;text-align:center;line-height:1;font-size:50px}.elementor-widget-text-editor .elementor-drop-cap-letter{display:inline-block}<\/style>\t\t\t\t<p style=\"box-sizing: inherit; margin-bottom: 1.5rem; font-size: 16px; color: #1f1f1f; font-family: Lato, sans-serif; font-style: normal; font-weight: 400;\">La<strong> Ingenier\u00eda de Servicios<\/strong> es la ingenier\u00eda de la industria 4.0, una industria <strong>digital<\/strong>, <strong>inteligente<\/strong> y <strong>basada<\/strong> principalmente en <strong>servicios<\/strong>, donde la satisfacci\u00f3n del usuario es un valor <strong>clave y distintivo<\/strong>.<\/p><p style=\"box-sizing: inherit; margin-bottom: 1.5rem; font-size: 16px; color: #1f1f1f; font-family: Lato, sans-serif; font-style: normal; font-weight: 400;\">La Ingenier\u00eda de Servicios se centra en la <strong>concepci\u00f3n, dise\u00f1o, construcci\u00f3n, operaci\u00f3n, mantenimiento y gesti\u00f3n de servicios<\/strong> durante todo su ciclo de vida: desde la concepci\u00f3n hasta la postventa.<\/p>\t\t\t\t\t\t<\/div>\n\t\t\t\t<\/div>\n\t\t\t\t<\/div>\n\t\t\t\t\t<\/div>\n\t\t\t\t<\/div>\n\t\t<div class=\"elementor-element elementor-element-3744ada e-con-boxed e-flex e-con\" data-id=\"3744ada\" data-element_type=\"container\" data-settings=\"{&quot;content_width&quot;:&quot;boxed&quot;}\">\n\t\t\t\t\t<div class=\"e-con-inner\">\n\t\t\t\t<div class=\"elementor-element elementor-element-9f23d13 elementor-widget elementor-widget-heading\" data-id=\"9f23d13\" data-element_type=\"widget\" data-widget_type=\"heading.default\">\n\t\t\t\t<div class=\"elementor-widget-container\">\n\t\t\t<h2 class=\"elementor-heading-title elementor-size-default\"><strong>EMPLEABILIDAD<\/strong> EN EL SECTOR SERVICIOS<\/h2>\t\t<\/div>\n\t\t\t\t<\/div>\n\t\t\t\t\t<\/div>\n\t\t\t\t<\/div>\n\t\t<div class=\"elementor-element elementor-element-5d8bc75 e-con-boxed e-flex e-con\" data-id=\"5d8bc75\" data-element_type=\"container\" data-settings=\"{&quot;content_width&quot;:&quot;boxed&quot;}\">\n\t\t\t\t\t<div class=\"e-con-inner\">\n\t\t<div class=\"elementor-element elementor-element-250c335 e-con-full e-flex e-con\" data-id=\"250c335\" data-element_type=\"container\" data-settings=\"{&quot;content_width&quot;:&quot;full&quot;}\">\n\t\t\t\t<div class=\"elementor-element elementor-element-514e72f elementor-widget elementor-widget-progress\" data-id=\"514e72f\" data-element_type=\"widget\" data-widget_type=\"progress.default\">\n\t\t\t\t<div class=\"elementor-widget-container\">\n\t\t\t<style>\/*! elementor - v3.13.3 - 28-05-2023 *\/\n.elementor-widget-progress{text-align:left}.elementor-progress-wrapper{position:relative;background-color:#eee;color:#fff;height:100%;border-radius:2px}.elementor-progress-bar{display:flex;background-color:#69727d;width:0;font-size:11px;height:30px;line-height:30px;border-radius:2px;transition:width 1s ease-in-out}.elementor-progress-text{flex-grow:1;white-space:nowrap;text-overflow:ellipsis;overflow:hidden;padding-left:15px}.elementor-progress-percentage{padding-right:15px}.elementor-widget-progress .elementor-progress-wrapper.progress-info .elementor-progress-bar{background-color:#5bc0de}.elementor-widget-progress .elementor-progress-wrapper.progress-success .elementor-progress-bar{background-color:#5cb85c}.elementor-widget-progress .elementor-progress-wrapper.progress-warning .elementor-progress-bar{background-color:#f0ad4e}.elementor-widget-progress .elementor-progress-wrapper.progress-danger .elementor-progress-bar{background-color:#d9534f}.elementor-progress .elementor-title{display:block}@media (max-width:767px){.elementor-progress-text{padding-left:10px}}.e-con-inner .elementor-progress-wrapper,.e-con .elementor-progress-wrapper{height:auto}<\/style>\n\t\t<div class=\"elementor-progress-wrapper\" role=\"progressbar\" aria-valuemin=\"0\" aria-valuemax=\"100\" aria-valuenow=\"68\">\n\t\t\t<div class=\"elementor-progress-bar\" data-max=\"68\">\n\t\t\t\t<span class=\"elementor-progress-text\"><\/span>\n\t\t\t\t\t\t\t\t\t<span class=\"elementor-progress-percentage\">68%<\/span>\n\t\t\t\t\t\t\t<\/div>\n\t\t<\/div>\n\t\t\t\t<\/div>\n\t\t\t\t<\/div>\n\t\t\t\t<div class=\"elementor-element elementor-element-0d0a72a elementor-widget elementor-widget-text-editor\" data-id=\"0d0a72a\" data-element_type=\"widget\" data-widget_type=\"text-editor.default\">\n\t\t\t\t<div class=\"elementor-widget-container\">\n\t\t\t\t\t\t\t<p style=\"text-align: center;\">El sector servicios ha acaparado en promedio en los \u00faltimos a\u00f1os en torno a\u00a0<span class=\"big\">un <strong>63% del empleo de la poblaci\u00f3n<\/strong> <\/span>en la econom\u00eda mundial.<\/p>\t\t\t\t\t\t<\/div>\n\t\t\t\t<\/div>\n\t\t\t\t<\/div>\n\t\t<div class=\"elementor-element elementor-element-fde34d0 e-con-full e-flex e-con\" data-id=\"fde34d0\" data-element_type=\"container\" data-settings=\"{&quot;content_width&quot;:&quot;full&quot;}\">\n\t\t\t\t<div class=\"elementor-element elementor-element-8b62ce4 elementor-widget elementor-widget-progress\" data-id=\"8b62ce4\" data-element_type=\"widget\" data-widget_type=\"progress.default\">\n\t\t\t\t<div class=\"elementor-widget-container\">\n\t\t\t\n\t\t<div class=\"elementor-progress-wrapper\" role=\"progressbar\" aria-valuemin=\"0\" aria-valuemax=\"100\" aria-valuenow=\"80\">\n\t\t\t<div class=\"elementor-progress-bar\" data-max=\"80\">\n\t\t\t\t<span class=\"elementor-progress-text\"><\/span>\n\t\t\t\t\t\t\t\t\t<span class=\"elementor-progress-percentage\">80%<\/span>\n\t\t\t\t\t\t\t<\/div>\n\t\t<\/div>\n\t\t\t\t<\/div>\n\t\t\t\t<\/div>\n\t\t\t\t<div class=\"elementor-element elementor-element-4a02c30 elementor-widget elementor-widget-text-editor\" data-id=\"4a02c30\" data-element_type=\"widget\" data-widget_type=\"text-editor.default\">\n\t\t\t\t<div class=\"elementor-widget-container\">\n\t\t\t\t\t\t\t<p style=\"text-align: center;\">En territorios como Hong Kong, Saudi Arabia, United States o United Kingdom alcanzan\u00a0<span class=\"big\">hasta el <strong>80% del empleo global<\/strong><\/span><\/p>\t\t\t\t\t\t<\/div>\n\t\t\t\t<\/div>\n\t\t\t\t<\/div>\n\t\t<div class=\"elementor-element elementor-element-b457eed e-con-full e-flex e-con\" data-id=\"b457eed\" data-element_type=\"container\" data-settings=\"{&quot;content_width&quot;:&quot;full&quot;}\">\n\t\t\t\t<div class=\"elementor-element elementor-element-c5411de elementor-widget elementor-widget-progress\" data-id=\"c5411de\" data-element_type=\"widget\" data-widget_type=\"progress.default\">\n\t\t\t\t<div class=\"elementor-widget-container\">\n\t\t\t\n\t\t<div class=\"elementor-progress-wrapper\" role=\"progressbar\" aria-valuemin=\"0\" aria-valuemax=\"100\" aria-valuenow=\"65\">\n\t\t\t<div class=\"elementor-progress-bar\" data-max=\"65\">\n\t\t\t\t<span class=\"elementor-progress-text\"><\/span>\n\t\t\t\t\t\t\t\t\t<span class=\"elementor-progress-percentage\">65%<\/span>\n\t\t\t\t\t\t\t<\/div>\n\t\t<\/div>\n\t\t\t\t<\/div>\n\t\t\t\t<\/div>\n\t\t\t\t<div class=\"elementor-element elementor-element-c5d25e5 elementor-widget elementor-widget-text-editor\" data-id=\"c5d25e5\" data-element_type=\"widget\" data-widget_type=\"text-editor.default\">\n\t\t\t\t<div class=\"elementor-widget-container\">\n\t\t\t\t\t\t\t<p style=\"text-align: center;\">Ya desde el a\u00f1o 2000 estaba contratada en el sector servicios\u00a0<strong><span class=\"big\">un 65% de la poblaci\u00f3n espa\u00f1ola<\/span><\/strong><\/p>\t\t\t\t\t\t<\/div>\n\t\t\t\t<\/div>\n\t\t\t\t<\/div>\n\t\t\t\t\t<\/div>\n\t\t\t\t<\/div>\n\t\t\t\t\t\t\t<\/div>\n\t\t","protected":false},"excerpt":{"rendered":"<p>\u00bfQu\u00e9 es la ingenier\u00eda de servicios? La Ingenier\u00eda de Servicios es la ingenier\u00eda de la industria 4.0, una industria digital, inteligente y basada principalmente en servicios, donde la satisfacci\u00f3n del usuario es un valor clave y distintivo. La Ingenier\u00eda de Servicios se centra en la concepci\u00f3n, dise\u00f1o, construcci\u00f3n, operaci\u00f3n, mantenimiento y gesti\u00f3n de servicios durante &hellip;<\/p>\n<p class=\"read-more\"> <a class=\"\" href=\"https:\/\/kybele.ingenieriadeservicios.es\/index.php\/que-es-ingenieria-de-servicios\/\"> <span class=\"screen-reader-text\">\u00bfQu\u00e9 es Ingenier\u00eda de Servicios?<\/span> Leer m\u00e1s &raquo;<\/a><\/p>\n","protected":false},"author":1,"featured_media":0,"parent":0,"menu_order":0,"comment_status":"closed","ping_status":"closed","template":"","meta":{"_eb_attr":"","site-sidebar-layout":"no-sidebar","site-content-layout":"page-builder","ast-global-header-display":"","ast-main-header-display":"","ast-hfb-above-header-display":"","ast-hfb-below-header-display":"","ast-hfb-mobile-header-display":"","site-post-title":"disabled","ast-breadcrumbs-content":"","ast-featured-img":"disabled","footer-sml-layout":"","theme-transparent-header-meta":"","adv-header-id-meta":"","stick-header-meta":"","header-above-stick-meta":"","header-main-stick-meta":"","header-below-stick-meta":""},"_links":{"self":[{"href":"https:\/\/kybele.ingenieriadeservicios.es\/index.php\/wp-json\/wp\/v2\/pages\/1571"}],"collection":[{"href":"https:\/\/kybele.ingenieriadeservicios.es\/index.php\/wp-json\/wp\/v2\/pages"}],"about":[{"href":"https:\/\/kybele.ingenieriadeservicios.es\/index.php\/wp-json\/wp\/v2\/types\/page"}],"author":[{"embeddable":true,"href":"https:\/\/kybele.ingenieriadeservicios.es\/index.php\/wp-json\/wp\/v2\/users\/1"}],"replies":[{"embeddable":true,"href":"https:\/\/kybele.ingenieriadeservicios.es\/index.php\/wp-json\/wp\/v2\/comments?post=1571"}],"version-history":[{"count":93,"href":"https:\/\/kybele.ingenieriadeservicios.es\/index.php\/wp-json\/wp\/v2\/pages\/1571\/revisions"}],"predecessor-version":[{"id":3147,"href":"https:\/\/kybele.ingenieriadeservicios.es\/index.php\/wp-json\/wp\/v2\/pages\/1571\/revisions\/3147"}],"wp:attachment":[{"href":"https:\/\/kybele.ingenieriadeservicios.es\/index.php\/wp-json\/wp\/v2\/media?parent=1571"}],"curies":[{"name":"wp","href":"https:\/\/api.w.org\/{rel}","templated":true}]}}